{"id":20222,"date":"2025-08-23T12:51:14","date_gmt":"2025-08-23T06:51:14","guid":{"rendered":"https:\/\/vademia.com\/?page_id=20222"},"modified":"2026-05-15T06:23:14","modified_gmt":"2026-05-15T00:23:14","slug":"cfa-n2-myag26-chl","status":"publish","type":"page","link":"https:\/\/vademia.com\/en\/cfa-n2-myag26-chl\/","title":{"rendered":"CFA N2 MyAg26 Chile"},"content":{"rendered":"<div class=\"wpb-content-wrapper\"><div class=\"vc_row wpb_row section vc_row-fluid \" style=' text-align:left;'><div class=\" full_section_inner clearfix\"><div class=\"wpb_column vc_column_container vc_col-sm-12\"><div class=\"vc_column-inner\"><div class=\"wpb_wrapper\">\n\t\t\t\t<p class=\"rs-p-wp-fix\"><\/p>\n\t\t\t\t<sr7-module data-alias=\"cfa-n2-chile-myag26\" data-id=\"222\" id=\"SR7_222_1\" class=\"rs-ov-hidden\" data-version=\"6.7.51\">\n\t\t\t\t\t<sr7-adjuster><\/sr7-adjuster>\n\t\t\t\t\t<sr7-content>\n\t\t\t\t\t\t<sr7-slide id=\"SR7_222_1-378\" data-key=\"378\">\n\t\t\t\t\t\t\t<sr7-bg id=\"SR7_222_1-378-2\" class=\"sr7-layer\"><noscript><img decoding=\"async\" src=\"https:\/\/vademia.com\/wp-content\/uploads\/2020\/12\/chile.jpg\" alt=\"CFA Chile\" title=\"chile\"><\/noscript><\/sr7-bg>\n\t\t\t\t\t\t\t<sr7-txt id=\"SR7_222_1-378-0\" class=\"sr7-layer\">Preparaci\u00f3n para el Nivel II<br \/>\ndel examen del Programa CFA<sup>\u00ae <\/sup>    <\/sr7-txt>\n\t\t\t\t\t\t\t<sr7-txt id=\"SR7_222_1-378-1\" class=\"sr7-layer\">Mayo - Agosto 2026, Chile<\/sr7-txt>\n\t\t\t\t\t\t<\/sr7-slide>\n\t\t\t\t\t\t<sr7-slide id=\"SR7_222_1-384\" data-key=\"384\">\n\t\t\t\t\t\t<\/sr7-slide>\n\t\t\t\t\t<\/sr7-content>\n\t\t\t\t\t<image_lists style=\"display:none\">\n\t\t\t\t\t\t<img data-src=\"\/\/vademia.com\/wp-content\/uploads\/2020\/12\/chile.jpg\" data-libid=\"2489\" data-lib=\"medialibrary\" width=\"0\" height=\"0\" data-dbsrc=\"Ly92YWRlbWlhLmNvbS93cC1jb250ZW50L3VwbG9hZHMvMjAyMC8xMi9jaGlsZS5qcGc=\"\/>\n\t\t\t\t\t<\/image_lists>\n\t\t\t\t<\/sr7-module>\n\t\t\t\t<script>\n\t\t\t\t\twindow.SR7 ??={};SR7.PMH ??={}; SR7.PMH[\"SR7_222_1\"] = {cn:100,state:false,fn: function() { if (window._tpt!==undefined && window._tpt.prepareModuleHeight !== undefined) {  _tpt.prepareModuleHeight({id:\"SR7_222_1\",el:[600,600,600,778,480],type:'standard',shdw:'0',gh:[600,600,600,778,480],gw:[1240,1240,1240,778,480],vpt:['-200px&#039;,&#039;-200px&#039;,&#039;-200px&#039;,&#039;-200px&#039;,&#039;-200px'],size:{fullWidth:true, fullHeight:false},mh:'0',onh:0,onw:0,bg:{color:'{\"orig\":\"transparent\",\"type\":\"solid\",\"string\":\"transparent\"}'},plType:'0',plColor:'#FFFFFF'});   SR7.PMH[\"SR7_222_1\"].state=true;} else if(SR7.PMH[\"SR7_222_1\"].cn-->0)\tsetTimeout( SR7.PMH[\"SR7_222_1\"].fn,19);}};SR7.PMH[\"SR7_222_1\" ].fn();\n\t\t\t\t<\/script>\n<\/div><\/div><\/div><\/div><\/div><div      class=\"vc_row wpb_row section vc_row-fluid  vc_custom_1575412132595\" style='background-color:#f4f4f4; text-align:left;'><div class=\" full_section_inner clearfix\"><div class=\"wpb_column vc_column_container vc_col-sm-12\"><div class=\"vc_column-inner\"><div class=\"wpb_wrapper\"><div      class=\"vc_row wpb_row section vc_row-fluid vc_inner  grid_section\" style=' text-align:left;'><div class=\" section_inner clearfix\"><div class='section_inner_margin clearfix'><div class=\"pad wpb_column vc_column_container vc_col-sm-4 vc_col-has-fill\"><div class=\"vc_column-inner vc_custom_1579546069270\"><div class=\"wpb_wrapper\">\n\t<div class=\"wpb_text_column wpb_content_element \">\n\t\t<div class=\"wpb_wrapper\">\n\t\t\t<h2>Grupos<\/h2>\n\n\t\t<\/div>\n\t<\/div><div class=\"vc_empty_space\"  style=\"height: 20px\" >\n\t<span class=\"vc_empty_space_inner\">\n\t\t<span class=\"empty_space_image\"  ><\/span>\n\t<\/span>\n<\/div>\n\t<div class=\"wpb_text_column wpb_content_element \">\n\t\t<div class=\"wpb_wrapper\">\n\t\t\t<p>S\u00e1bados de 11:30 a.m. a 05:30 p.m<\/p>\n\n\t\t<\/div>\n\t<\/div><\/div><\/div><\/div><div class=\"pad wpb_column vc_column_container vc_col-sm-4 vc_col-has-fill\"><div class=\"vc_column-inner vc_custom_1579546080326\"><div class=\"wpb_wrapper\">\n\t<div class=\"wpb_text_column wpb_content_element \">\n\t\t<div class=\"wpb_wrapper\">\n\t\t\t<h2>Fechas<\/h2>\n\n\t\t<\/div>\n\t<\/div><div class=\"vc_empty_space\"  style=\"height: 20px\" >\n\t<span class=\"vc_empty_space_inner\">\n\t\t<span class=\"empty_space_image\"  ><\/span>\n\t<\/span>\n<\/div>\n\t<div class=\"wpb_text_column wpb_content_element \">\n\t\t<div class=\"wpb_wrapper\">\n\t\t\t<p>Inicio: 08 de Mayo de 2026<\/p>\n<p>Conclusi\u00f3n: 15 de Agosto de 2026<\/p>\n\n\t\t<\/div>\n\t<\/div><\/div><\/div><\/div><div class=\"pad wpb_column vc_column_container vc_col-sm-4 vc_col-has-fill\"><div class=\"vc_column-inner vc_custom_1579546089541\"><div class=\"wpb_wrapper\">\n\t<div class=\"wpb_text_column wpb_content_element \">\n\t\t<div class=\"wpb_wrapper\">\n\t\t\t<h2>Modalidad<\/h2>\n\n\t\t<\/div>\n\t<\/div><div class=\"vc_empty_space\"  style=\"height: 20px\" >\n\t<span class=\"vc_empty_space_inner\">\n\t\t<span class=\"empty_space_image\"  ><\/span>\n\t<\/span>\n<\/div>\n\t<div class=\"wpb_text_column wpb_content_element \">\n\t\t<div class=\"wpb_wrapper\">\n\t\t\t<p>Sesiones transmitidas <strong>en vivo en l\u00ednea<\/strong> as\u00ed como <strong>grabadas<\/strong> para poder consultarlas despu\u00e9s de clase.<\/p>\n\n\t\t<\/div>\n\t<\/div><\/div><\/div><\/div><\/div><\/div><\/div><\/div><\/div><\/div><\/div><\/div><div      class=\"vc_row wpb_row section vc_row-fluid  grid_section\" style=' text-align:left;'><div class=\" section_inner clearfix\"><div class='section_inner_margin clearfix'><div class=\"wpb_column vc_column_container vc_col-sm-12\"><div class=\"vc_column-inner\"><div class=\"wpb_wrapper\"><div class=\"vc_empty_space\"  style=\"height: 16px\" >\n\t<span class=\"vc_empty_space_inner\">\n\t\t<span class=\"empty_space_image\"  ><\/span>\n\t<\/span>\n<\/div><div class=\"vc_empty_space\"  style=\"height: 16px\" >\n\t<span class=\"vc_empty_space_inner\">\n\t\t<span class=\"empty_space_image\"  ><\/span>\n\t<\/span>\n<\/div><div class=\"vc_empty_space\"  style=\"height: 16px\" >\n\t<span class=\"vc_empty_space_inner\">\n\t\t<span class=\"empty_space_image\"  ><\/span>\n\t<\/span>\n<\/div>\n\t<div class=\"wpb_text_column wpb_content_element \">\n\t\t<div class=\"wpb_wrapper\">\n\t\t\t<h1 style=\"text-align: left;\">Metodolog\u00eda<\/h1>\n\n\t\t<\/div>\n\t<\/div><div class=\"vc_empty_space\"  style=\"height: 16px\" >\n\t<span class=\"vc_empty_space_inner\">\n\t\t<span class=\"empty_space_image\"  ><\/span>\n\t<\/span>\n<\/div>\n\t<div class=\"wpb_text_column wpb_content_element \">\n\t\t<div class=\"wpb_wrapper\">\n\t\t\t<p><em>En <strong>Vademia<\/strong> estamos comprometidos con <strong>tu \u00e9xito<\/strong> y por ello nuestras sesiones est\u00e1n <strong>optimizadas<\/strong> para abarcar adecuadamente el <strong>Programa CFA<\/strong>:<\/em><\/p>\n\n\t\t<\/div>\n\t<\/div><div class=\"vc_empty_space\"  style=\"height: 22px\" >\n\t<span class=\"vc_empty_space_inner\">\n\t\t<span class=\"empty_space_image\"  ><\/span>\n\t<\/span>\n<\/div>\n\t<div class=\"wpb_text_column wpb_content_element \">\n\t\t<div class=\"wpb_wrapper\">\n\t\t\t<table>\n<tbody>\n<tr>\n<td style=\"text-align: left;\">\u00b7 <strong>Nivel Cero<\/strong><\/td>\n<td style=\"text-align: left;\">Toma nuestro <strong>Programa Proped\u00e9utico <\/strong>con nuestro taller para el <strong>uso eficiente de la calculadora.<\/strong><\/td>\n<\/tr>\n<tr>\n<td style=\"text-align: left;\">\u00b7 <strong>Sesiones Te\u00f3ricas<\/strong><\/td>\n<td style=\"text-align: left;\">Aprovecha m\u00e1s de una d\u00e9cada preparando candidatos CFA con nuestros docentes que son <strong>CFA charterholders<\/strong>, especialistas en su \u00e1rea y con amplia <strong>experiencia<\/strong> en docencia, ofreciendo <strong>diversidad<\/strong> de perspectivas en clases habladas en espa\u00f1ol, <strong>lengua materna<\/strong> de la mayor\u00eda de nuestros clientes haciendo m\u00e1s eficiente su aprendizaje.<\/td>\n<\/tr>\n<tr>\n<td style=\"text-align: left;\">\u00b7 <strong>Clases Maestras de Revisi\u00f3n<\/strong><\/td>\n<td style=\"text-align: left;\">Despu\u00e9s de haberte preparado en la teor\u00eda, pon tus <strong>habilidades<\/strong> y <strong>conocimientos<\/strong> a prueba, dominando los temas y conceptos clave, <strong>reforzando<\/strong> tu comprensi\u00f3n y<strong> obteniendo<\/strong> los consejos que aumentar\u00e1n la <strong>velocidad<\/strong> con la que resuelves incluso las preguntas de mayor dificultad.<\/td>\n<\/tr>\n<tr>\n<td style=\"text-align: left;\">\u00b7 <strong>Mentor\u00eda Dentro y Fuera del Aula\u00a0<\/strong><\/td>\n<td style=\"text-align: left;\">Ten la tranquilidad de contar con<strong>\u00a0respaldo<\/strong>\u00a0<strong>uno a uno<\/strong> en todo momento para <strong>aclarar<\/strong> dudas, <strong>agilizar <\/strong>y <strong>profundizar<\/strong>\u00a0tu estudio de manera <strong>personalizada.<\/strong><\/td>\n<\/tr>\n<tr>\n<td style=\"text-align: left;\">\u00b7<strong> Materiales<\/strong><\/td>\n<td style=\"text-align: left;\"><strong>Analiza<\/strong> y<strong> resuelve<\/strong> m\u00e1s de <strong>1,850 preguntas<\/strong> de pr\u00e1ctica y <strong>entiende<\/strong> el contenido con m\u00e1s de <strong>4,100 diapositivas<\/strong> que revisamos a detalle en las sesiones de estudio.<\/td>\n<\/tr>\n<\/tbody>\n<\/table>\n\n\t\t<\/div>\n\t<\/div><div class=\"vc_empty_space\"  style=\"height: 32px\" >\n\t<span class=\"vc_empty_space_inner\">\n\t\t<span class=\"empty_space_image\"  ><\/span>\n\t<\/span>\n<\/div>\n\t<div class=\"wpb_text_column wpb_content_element \">\n\t\t<div class=\"wpb_wrapper\">\n\t\t\t<p><span style=\"color: #3366ff;\"><strong><em><span style=\"color: #333333;\">\u00bfNecesitas referencias? \u00a1Por supuesto! Pregunta por nuestra comunidad de <\/span><\/em><\/strong><\/span><a href=\"https:\/\/vademia.com\/testimoniales\" target=\"_blank\" rel=\"noopener noreferrer\"><em><strong>exalumnos que ya son CFA charterholders.<\/strong><\/em><\/a><\/p>\n\n\t\t<\/div>\n\t<\/div><\/div><\/div><\/div><\/div><\/div><\/div><div      class=\"vc_row wpb_row section vc_row-fluid  vc_custom_1575413030761 grid_section\" style=' text-align:left;'><div class=\" section_inner clearfix\"><div class='section_inner_margin clearfix'><div class=\"wpb_column vc_column_container vc_col-sm-8\"><div class=\"vc_column-inner\"><div class=\"wpb_wrapper\">\n\t<div class=\"wpb_text_column wpb_content_element \">\n\t\t<div class=\"wpb_wrapper\">\n\t\t\t<h2>Calendarizaci\u00f3n<\/h2>\n\n\t\t<\/div>\n\t<\/div><div class=\"vc_empty_space\"  style=\"height: 20px\" >\n\t<span class=\"vc_empty_space_inner\">\n\t\t<span class=\"empty_space_image\"  ><\/span>\n\t<\/span>\n<\/div><div class=\"vc_empty_space\"  style=\"height: 20px\" >\n\t<span class=\"vc_empty_space_inner\">\n\t\t<span class=\"empty_space_image\"  ><\/span>\n\t<\/span>\n<\/div>\n\t<div class=\"wpb_text_column wpb_content_element \">\n\t\t<div class=\"wpb_wrapper\">\n\t\t\t<table width=\"100%\">\n<tbody>\n<tr>\n<td width=\"30%\">S\u00e1b.<\/td>\n<\/tr>\n<tr>\n<td width=\"30%\"><em>Mayo<\/em><\/td>\n<\/tr>\n<tr>\n<td width=\"30%\">Vie. 08<\/td>\n<td width=\"70%\">Quantitative Methods<\/td>\n<\/tr>\n<tr>\n<td width=\"30%\">09<\/td>\n<td width=\"70%\">Quantitative Methods<\/td>\n<\/tr>\n<tr>\n<td width=\"30%\">Vie. 15<\/td>\n<td width=\"70%\">Quantitative Methods<\/td>\n<\/tr>\n<tr>\n<td width=\"30%\">16<\/td>\n<td width=\"70%\">Quantitative Methods \/ Economics<\/td>\n<\/tr>\n<tr>\n<td width=\"30%\">23<\/td>\n<td width=\"70%\">Economics \/ Financial Statement Analysis<\/td>\n<\/tr>\n<tr>\n<td width=\"30%\">30<\/td>\n<td width=\"70%\">Financial Statement Analysis<\/td>\n<\/tr>\n<\/tbody>\n<\/table>\n<p>&nbsp;<\/p>\n<table width=\"100%\">\n<tbody>\n<tr>\n<td width=\"30%\"><em>Junio<\/em><\/td>\n<\/tr>\n<tr>\n<td width=\"30%\">06<\/td>\n<td width=\"70%\">Equity<\/td>\n<\/tr>\n<tr>\n<td width=\"30%\">13<\/td>\n<td width=\"70%\">Equity<\/td>\n<\/tr>\n<tr>\n<td width=\"30%\">20<\/td>\n<td width=\"70%\">Fixed Income<\/td>\n<\/tr>\n<tr>\n<td width=\"30%\">27<\/td>\n<td width=\"70%\">Fixed Income<\/td>\n<\/tr>\n<\/tbody>\n<\/table>\n<p>&nbsp;<\/p>\n<table width=\"100%\">\n<tbody>\n<tr>\n<td width=\"30%\"><em>Julio<\/em><\/td>\n<\/tr>\n<tr>\n<td width=\"30%\">04<\/td>\n<td width=\"70%\">Corporate Issuers<\/td>\n<\/tr>\n<tr>\n<td width=\"30%\">11<\/td>\n<td width=\"70%\">Derivatives<\/td>\n<\/tr>\n<tr>\n<td width=\"30%\">18<\/td>\n<td width=\"70%\">Alternative Investments<\/td>\n<\/tr>\n<tr>\n<td width=\"30%\">Vie. 24<\/td>\n<td width=\"70%\">Portfolio Management<\/td>\n<\/tr>\n<tr>\n<td width=\"30%\">25<\/td>\n<td width=\"70%\">Portfolio Management<\/td>\n<\/tr>\n<\/tbody>\n<\/table>\n<p>&nbsp;<\/p>\n<table width=\"100%\">\n<tbody>\n<tr>\n<td width=\"30%\"><i>Agosto<\/i><\/td>\n<\/tr>\n<tr>\n<td width=\"30%\">01<\/td>\n<td width=\"70%\">Ethical and Professional Standards<\/td>\n<\/tr>\n<tr>\n<td width=\"30%\">08<\/td>\n<td width=\"70%\">Clase Maestra de Revisi\u00f3n I<\/td>\n<\/tr>\n<tr>\n<td width=\"30%\">15<\/td>\n<td width=\"70%\">Clase Maestra de Revisi\u00f3n II<\/td>\n<\/tr>\n<tr>\n<td width=\"30%\">25 Ago. &#8211; 29 Ago.<\/td>\n<td width=\"70%\"><em>CFA Exam Window<\/em><\/td>\n<\/tr>\n<tr>\n<td width=\"30%\">18 Nov. &#8211; 22 Nov.<\/td>\n<td width=\"70%\"><em>CFA Exam Window<\/em><\/td>\n<\/tr>\n<\/tbody>\n<\/table>\n<p>&nbsp;<\/p>\n<table width=\"100%\">\n<tbody>\n<tr>\n<td width=\"30%\"><i>Fechas con horario especial<\/i><\/td>\n<\/tr>\n<tr>\n<td width=\"30%\">Vie. 08\/May.<\/td>\n<td style=\"text-align: center;\" width=\"70%\">19:00 a 23:00<\/td>\n<\/tr>\n<tr>\n<td width=\"30%\">S\u00e1b. 09\/May.<\/td>\n<td style=\"text-align: center;\" width=\"70%\">11:00 a 16:00<\/td>\n<\/tr>\n<tr>\n<td width=\"30%\">Vie. 15\/May.<\/td>\n<td style=\"text-align: center;\" width=\"70%\">19:00 a 23:00<\/td>\n<\/tr>\n<tr>\n<td width=\"30%\">S\u00e1b. 16\/May.<\/td>\n<td style=\"text-align: center;\" width=\"70%\">11:00 a 16:00<\/td>\n<\/tr>\n<tr>\n<td width=\"30%\">S\u00e1b. 27\/Jun.<\/td>\n<td style=\"text-align: center;\" width=\"70%\">11:00 a 16:00<\/td>\n<\/tr>\n<tr>\n<td width=\"30%\">Vie. 24\/Jul.<\/td>\n<td style=\"text-align: center;\" width=\"70%\">19:00 a 23:00<\/td>\n<\/tr>\n<tr>\n<td width=\"30%\">S\u00e1b. 25\/Jul.<\/td>\n<td style=\"text-align: center;\" width=\"70%\">11:00 a 16:00<\/td>\n<\/tr>\n<tr>\n<td width=\"30%\">S\u00e1b. 01\/Ago.<\/td>\n<td style=\"text-align: center;\" width=\"70%\">11:00 a 16:00<\/td>\n<\/tr>\n<tr>\n<td width=\"30%\">S\u00e1b. 08\/Ago.<\/td>\n<td style=\"text-align: center;\" width=\"70%\">10:00 a 15:00 y 16:00 a 19:00 \/ Horario por Clase Maestra<\/td>\n<\/tr>\n<tr>\n<td width=\"30%\">S\u00e1b. 15\/Ago.<\/td>\n<td style=\"text-align: center;\" width=\"70%\">10:00 a 15:00 y 16:00 a 19:00 \/ Horario por Clase Maestra<\/td>\n<\/tr>\n<\/tbody>\n<\/table>\n\n\t\t<\/div>\n\t<\/div><\/div><\/div><\/div><\/div><\/div><\/div><div      class=\"vc_row wpb_row section vc_row-fluid  vc_custom_1576606561303\" style=' text-align:left;'><div class=\" full_section_inner clearfix\"><div class=\"wpb_column vc_column_container vc_col-sm-12\"><div class=\"vc_column-inner\"><div class=\"wpb_wrapper\">\n\t<div class=\"wpb_text_column wpb_content_element \">\n\t\t<div class=\"wpb_wrapper\">\n\t\t\t<h1 style=\"text-align: center;\">Inversi\u00f3n<\/h1>\n\n\t\t<\/div>\n\t<\/div><div class=\"vc_empty_space\"  style=\"height: 20px\" >\n\t<span class=\"vc_empty_space_inner\">\n\t\t<span class=\"empty_space_image\"  ><\/span>\n\t<\/span>\n<\/div>\n\t<div class=\"wpb_text_column wpb_content_element \">\n\t\t<div class=\"wpb_wrapper\">\n\t\t\t<p style=\"text-align: center;\"><span style=\"color: #000000;\"><strong><br \/>\n<\/strong>Paga con tarjeta mediante <img loading=\"lazy\" decoding=\"async\" class=\"cinco alignnone wp-image-4562 size-full\" src=\"https:\/\/vademia.com\/wp-content\/uploads\/2021\/11\/logostripe2.png\" alt=\"\" width=\"97\" height=\"40\" \/><\/span><\/p>\n\n\t\t<\/div>\n\t<\/div><div class=\"vc_empty_space\"  style=\"height: 40px\" >\n\t<span class=\"vc_empty_space_inner\">\n\t\t<span class=\"empty_space_image\"  ><\/span>\n\t<\/span>\n<\/div><\/div><\/div><\/div><\/div><\/div><div      class=\"vc_row wpb_row section vc_row-fluid  vc_custom_1612575751424\" style=' text-align:left;'><div class=\" full_section_inner clearfix\"><div class=\"wpb_column vc_column_container vc_col-sm-12\"><div class=\"vc_column-inner\"><div class=\"wpb_wrapper\">\n\t<div class=\"wpb_raw_code wpb_raw_html wpb_content_element\" >\n\t\t<div class=\"wpb_wrapper\">\n\t\t\t<iframe src=\"https:\/\/www.vademia.com\/tabla_colegio\/tabla_2023.php?grupo=cfa_n2_myag24_chl\" frameborder=\"0\" allowfullscreen=\"\" aria-hidden=\"false\" tabindex=\"0\" width=\"100%\" class=\"iframe_tabla_2\"><\/iframe>\n\t\t<\/div>\n\t<\/div>\n\n\t<div class=\"wpb_text_column wpb_content_element \">\n\t\t<div class=\"wpb_wrapper\">\n\t\t\t<p class=\"p1\"><sup>1 <\/sup>Recibe las f\u00f3rmulas, m\u00faltiplos financieros y <strong>conceptos centrales<\/strong> del material de estudio en un formato intuitivo y pr\u00e1ctico.<\/p>\n<p class=\"p1\"><sup>2 <\/sup>Sabemos que puede haber <strong>imprevistos<\/strong> con tus sesiones o el propio examen y que podr\u00edas tener que posponer alguno. Por ello, cuenta con <strong>tres meses adicionales de acceso a todas las grabaciones<\/strong>\u00a0posterior al t\u00e9rmino de tu calendario, as\u00ed como <strong>poder asistir durante ese tiempo a las sesiones <\/strong>que tengamos disponibles. Es <strong>flexibilidad<\/strong> adicional para ayudarte a decidir lo mejor para ti en tu calendarizaci\u00f3n de preparaci\u00f3n.<\/p>\n\n\t\t<\/div>\n\t<\/div><\/div><\/div><\/div><\/div><\/div><div      class=\"vc_row wpb_row section vc_row-fluid  vc_custom_1607382307100 grid_section\" style=' text-align:left;'><div class=\" section_inner clearfix\"><div class='section_inner_margin clearfix'><div class=\"wpb_column vc_column_container vc_col-sm-8 vc_col-lg-offset-2 vc_col-md-offset-2\"><div class=\"vc_column-inner\"><div class=\"wpb_wrapper\">\n\t<div class=\"wpb_text_column wpb_content_element \">\n\t\t<div class=\"wpb_wrapper\">\n\t\t\t<h1 style=\"text-align: center;\">\u00a1Est\u00e1s a pocos pasos de reservar tu lugar!<\/h1>\n\n\t\t<\/div>\n\t<\/div><div class=\"vc_empty_space\"  style=\"height: 32px\" >\n\t<span class=\"vc_empty_space_inner\">\n\t\t<span class=\"empty_space_image\"  ><\/span>\n\t<\/span>\n<\/div>\n<div class=\"wpcf7 no-js\" id=\"wpcf7-f20383-o1\" lang=\"es-MX\" dir=\"ltr\" data-wpcf7-id=\"20383\">\n<div class=\"screen-reader-response\"><p role=\"status\" aria-live=\"polite\" aria-atomic=\"true\"><\/p> <ul><\/ul><\/div>\n<form action=\"\/en\/wp-json\/wp\/v2\/pages\/20222#wpcf7-f20383-o1\" method=\"post\" class=\"wpcf7-form init cf7_custom_style_1\" aria-label=\"Formulario de contacto\" novalidate=\"novalidate\" data-status=\"init\">\n<fieldset class=\"hidden-fields-container\"><input type=\"hidden\" name=\"_wpcf7\" value=\"20383\" \/><input type=\"hidden\" name=\"_wpcf7_version\" value=\"6.1.5\" \/><input type=\"hidden\" name=\"_wpcf7_locale\" value=\"es_MX\" \/><input type=\"hidden\" name=\"_wpcf7_unit_tag\" value=\"wpcf7-f20383-o1\" \/><input type=\"hidden\" name=\"_wpcf7_container_post\" value=\"0\" \/><input type=\"hidden\" name=\"_wpcf7_posted_data_hash\" value=\"\" \/><input type=\"hidden\" name=\"lang\" value=\"en\" \/><input type=\"hidden\" name=\"_wpcf7_recaptcha_response\" value=\"\" \/>\n<\/fieldset>\n<p><label> Nombre(s)*<br \/>\n<span class=\"wpcf7-form-control-wrap\" data-name=\"your-name\"><input size=\"40\" maxlength=\"400\" class=\"wpcf7-form-control wpcf7-text wpcf7-validates-as-required\" aria-required=\"true\" aria-invalid=\"false\" value=\"\" type=\"text\" name=\"your-name\" \/><\/span> <\/label><br \/>\n<label> Apellidos*<br \/>\n<span class=\"wpcf7-form-control-wrap\" data-name=\"your-lastname\"><input size=\"40\" maxlength=\"400\" class=\"wpcf7-form-control wpcf7-text wpcf7-validates-as-required\" aria-required=\"true\" aria-invalid=\"false\" value=\"\" type=\"text\" name=\"your-lastname\" \/><\/span> <\/label><br \/>\n<label> Email*<br \/>\n<span class=\"wpcf7-form-control-wrap\" data-name=\"your-email\"><input size=\"40\" maxlength=\"400\" class=\"wpcf7-form-control wpcf7-email wpcf7-validates-as-required wpcf7-text wpcf7-validates-as-email\" aria-required=\"true\" aria-invalid=\"false\" value=\"\" type=\"email\" name=\"your-email\" \/><\/span> <\/label>\n<\/p>\n<p><label> Tel\u00e9fono*<br \/>\n<span class=\"wpcf7-form-control-wrap\" data-name=\"your-subject\"><input size=\"40\" maxlength=\"400\" class=\"wpcf7-form-control wpcf7-text wpcf7-validates-as-required\" aria-required=\"true\" aria-invalid=\"false\" value=\"\" type=\"text\" name=\"your-subject\" \/><\/span> <\/label><br \/>\n<label> Esquema*<br \/>\n<span class=\"wpcf7-form-control-wrap\" data-name=\"menu-634\"><select class=\"wpcf7-form-control wpcf7-select wpcf7-validates-as-required\" aria-required=\"true\" aria-invalid=\"false\" name=\"menu-634\"><option value=\"\">Por favor, seleccione una opci\u00f3n<\/option><option value=\"Paquete B\u00e1sico\">Paquete B\u00e1sico<\/option><\/select><\/span><\/label>\n<\/p>\n<p><input class=\"wpcf7-form-control wpcf7-submit has-spinner\" type=\"submit\" value=\"Inscribirme\" \/>\n<\/p><input type='hidden' class='wpcf7-pum' value='{\"closepopup\":false,\"closedelay\":0,\"openpopup\":false,\"openpopup_id\":0}' \/><div class=\"wpcf7-response-output\" aria-hidden=\"true\"><\/div>\n<\/form>\n<\/div>\n<\/div><\/div><\/div><\/div><\/div><\/div><div      class=\"vc_row wpb_row section vc_row-fluid  grid_section\" style=' text-align:left;'><div class=\" section_inner clearfix\"><div class='section_inner_margin clearfix'><div class=\"wpb_column vc_column_container vc_col-sm-12\"><div class=\"vc_column-inner\"><div class=\"wpb_wrapper\">\n\t<div class=\"wpb_text_column wpb_content_element \">\n\t\t<div class=\"wpb_wrapper\">\n\t\t\t<h2>Disminuciones acumulables y opciones adicionales<\/h2>\n\n\t\t<\/div>\n\t<\/div><div class=\"vc_empty_space\"  style=\"height: 16px\" >\n\t<span class=\"vc_empty_space_inner\">\n\t\t<span class=\"empty_space_image\"  ><\/span>\n\t<\/span>\n<\/div>\n\t<div class=\"wpb_text_column wpb_content_element \">\n\t\t<div class=\"wpb_wrapper\">\n\t\t\t<p><em>Para aplicar alguna(s) de ellas favor de entrar en contacto con nosotros.<\/em><\/p>\n\n\t\t<\/div>\n\t<\/div><div class=\"vc_empty_space\"  style=\"height: 22px\" >\n\t<span class=\"vc_empty_space_inner\">\n\t\t<span class=\"empty_space_image\"  ><\/span>\n\t<\/span>\n<\/div>\n\t<div class=\"wpb_text_column wpb_content_element \">\n\t\t<div class=\"wpb_wrapper\">\n\t\t\t<table>\n<tbody>\n<tr>\n<td style=\"text-align: left;\">\u00b7 <strong>Disminuci\u00f3n por referencias:<\/strong><\/td>\n<td style=\"text-align: left;\"><strong>Menos 5%<\/strong>\u00a0por cada persona referenciada que se inscriba en el curso completo.<br \/>\n<em>Efectivo al momento del pago completo de la persona referenciada.<\/em><\/td>\n<\/tr>\n<tr>\n<td style=\"text-align: left;\">\u00b7 <strong>Disminuci\u00f3n por haber presentado el examen anteriormente:<\/strong><\/td>\n<td style=\"text-align: left;\"><strong>Menos 5%<\/strong><\/td>\n<\/tr>\n<\/tbody>\n<\/table>\n\n\t\t<\/div>\n\t<\/div><div class=\"vc_empty_space\"  style=\"height: 32px\" >\n\t<span class=\"vc_empty_space_inner\">\n\t\t<span class=\"empty_space_image\"  ><\/span>\n\t<\/span>\n<\/div>\n\t<div class=\"wpb_text_column wpb_content_element \">\n\t\t<div class=\"wpb_wrapper\">\n\t\t\t<p>Consulta nuestras <a href=\"https:\/\/vademia.com\/politicas-de-reservacion-y-pagos\" target=\"_blank\" rel=\"noopener noreferrer\">Pol\u00edticas de Reservaci\u00f3n y Pagos<\/a><\/p>\n\n\t\t<\/div>\n\t<\/div><\/div><\/div><\/div><\/div><\/div><\/div><div      class=\"vc_row wpb_row section vc_row-fluid \" style=' text-align:left;'><div class=\" full_section_inner clearfix\"><div class=\"wpb_column vc_column_container vc_col-sm-12\"><div class=\"vc_column-inner\"><div class=\"wpb_wrapper\"><div class=\"vc_empty_space\"  style=\"height: 32px\" >\n\t<span class=\"vc_empty_space_inner\">\n\t\t<span class=\"empty_space_image\"  ><\/span>\n\t<\/span>\n<\/div><\/div><\/div><\/div><\/div><\/div>\n<\/div>","protected":false},"excerpt":{"rendered":"Preparaci\u00f3n para el Nivel II del examen del Programa CFA\u00ae Mayo - Agosto 2026, Chile Grupos S\u00e1bados de 11:30 a.m. a 05:30 p.m Fechas Inicio: 08 de Mayo de 2026 Conclusi\u00f3n: 15 de Agosto de 2026 Modalidad Sesiones transmitidas en vivo en l\u00ednea as\u00ed como...","protected":false},"author":5,"featured_media":0,"parent":0,"menu_order":0,"comment_status":"closed","ping_status":"closed","template":"full_width.php","meta":{"footnotes":""},"class_list":["post-20222","page","type-page","status-publish","hentry"],"_links":{"self":[{"href":"https:\/\/vademia.com\/en\/wp-json\/wp\/v2\/pages\/20222","targetHints":{"allow":["GET"]}}],"collection":[{"href":"https:\/\/vademia.com\/en\/wp-json\/wp\/v2\/pages"}],"about":[{"href":"https:\/\/vademia.com\/en\/wp-json\/wp\/v2\/types\/page"}],"author":[{"embeddable":true,"href":"https:\/\/vademia.com\/en\/wp-json\/wp\/v2\/users\/5"}],"replies":[{"embeddable":true,"href":"https:\/\/vademia.com\/en\/wp-json\/wp\/v2\/comments?post=20222"}],"version-history":[{"count":6,"href":"https:\/\/vademia.com\/en\/wp-json\/wp\/v2\/pages\/20222\/revisions"}],"predecessor-version":[{"id":62399,"href":"https:\/\/vademia.com\/en\/wp-json\/wp\/v2\/pages\/20222\/revisions\/62399"}],"wp:attachment":[{"href":"https:\/\/vademia.com\/en\/wp-json\/wp\/v2\/media?parent=20222"}],"curies":[{"name":"wp","href":"https:\/\/api.w.org\/{rel}","templated":true}]}}