{"id":24,"date":"2019-10-30T17:52:37","date_gmt":"2019-10-30T17:52:37","guid":{"rendered":"https:\/\/vademia.com\/?page_id=24"},"modified":"2025-05-22T02:07:02","modified_gmt":"2025-05-21T20:07:02","slug":"el-programa-cfa","status":"publish","type":"page","link":"https:\/\/vademia.com\/en\/el-programa-cfa\/","title":{"rendered":"El programa CFA\u00ae"},"content":{"rendered":"<div class=\"wpb-content-wrapper\"><div class=\"vc_row wpb_row section vc_row-fluid \" style=' text-align:left;'><div class=\" full_section_inner clearfix\"><div class=\"wpb_column vc_column_container vc_col-sm-12\"><div class=\"vc_column-inner\"><div class=\"wpb_wrapper\">\n\t\t\t\t<p class=\"rs-p-wp-fix\"><\/p>\n\t\t\t\t<sr7-module data-alias=\"slider-nivel-1\" data-id=\"8\" id=\"SR7_8_1\" class=\"rs-ov-hidden\" data-version=\"6.7.51\">\n\t\t\t\t\t<sr7-adjuster><\/sr7-adjuster>\n\t\t\t\t\t<sr7-content>\n\t\t\t\t\t\t<sr7-slide id=\"SR7_8_1-8\" data-key=\"8\">\n\t\t\t\t\t\t\t<sr7-bg id=\"SR7_8_1-8-1\" class=\"sr7-layer\"><noscript><img decoding=\"async\" src=\"https:\/\/vademia.com\/wp-content\/uploads\/2019\/12\/slideniveluno.jpg\" alt=\"\" title=\"slideniveluno\"><\/noscript><\/sr7-bg>\n\t\t\t\t\t\t\t<sr7-txt id=\"SR7_8_1-8-0\" class=\"sr7-layer\"> Programa CFA<sup>\u00ae <\/sup> <\/sr7-txt>\n\t\t\t\t\t\t<\/sr7-slide>\n\t\t\t\t\t\t<sr7-slide id=\"SR7_8_1-172\" data-key=\"172\">\n\t\t\t\t\t\t<\/sr7-slide>\n\t\t\t\t\t<\/sr7-content>\n\t\t\t\t\t<image_lists style=\"display:none\">\n\t\t\t\t\t\t<img data-src=\"\/\/vademia.com\/wp-content\/uploads\/2019\/12\/slideniveluno.jpg\" data-libid=\"395\" title=\"slideniveluno\" width=\"0\" height=\"0\" data-dbsrc=\"Ly92YWRlbWlhLmNvbS93cC1jb250ZW50L3VwbG9hZHMvMjAxOS8xMi9zbGlkZW5pdmVsdW5vLmpwZw==\"\/>\n\t\t\t\t\t<\/image_lists>\n\t\t\t\t<\/sr7-module>\n\t\t\t\t<script>\n\t\t\t\t\twindow.SR7 ??={};SR7.PMH ??={}; SR7.PMH[\"SR7_8_1\"] = {cn:100,state:false,fn: function() { if (window._tpt!==undefined && window._tpt.prepareModuleHeight !== undefined) {  _tpt.prepareModuleHeight({id:\"SR7_8_1\",el:[600,600,600,778,480],type:'standard',shdw:'0',gh:[600,600,600,778,480],gw:[1240,1240,1240,778,480],vpt:['-200px&#039;,&#039;-200px&#039;,&#039;-200px&#039;,&#039;-200px&#039;,&#039;-200px'],size:{fullWidth:true, fullHeight:false},mh:'0',onh:0,onw:0,bg:{color:'{\"orig\":\"transparent\",\"type\":\"solid\",\"string\":\"transparent\"}'},plType:'0',plColor:'#FFFFFF'});   SR7.PMH[\"SR7_8_1\"].state=true;} else if(SR7.PMH[\"SR7_8_1\"].cn-->0)\tsetTimeout( SR7.PMH[\"SR7_8_1\"].fn,19);}};SR7.PMH[\"SR7_8_1\" ].fn();\n\t\t\t\t<\/script>\n<\/div><\/div><\/div><\/div><\/div><div      class=\"vc_row wpb_row section vc_row-fluid  vc_custom_1575412132595\" style='background-color:#f4f4f4; text-align:left;'><div class=\" full_section_inner clearfix\"><div class=\"wpb_column vc_column_container vc_col-sm-12\"><div class=\"vc_column-inner vc_custom_1575418191309\"><div class=\"wpb_wrapper\"><div      class=\"vc_row wpb_row section vc_row-fluid vc_inner  grid_section\" style=' text-align:left;'><div class=\" section_inner clearfix\"><div class='section_inner_margin clearfix'><div class=\"wpb_column vc_column_container vc_col-sm-12 vc_col-has-fill\"><div class=\"vc_column-inner vc_custom_1578083460702\"><div class=\"wpb_wrapper\"><div class='q_elements_holder two_columns eh_two_columns_33_66 responsive_mode_from_768' ><div class='q_elements_item ' data-animation='no' data-item-class='q_elements_holder_custom_366987'><div class='q_elements_item_inner'><div class='q_elements_item_content q_elements_holder_custom_366987'><\/div><\/div><\/div><div class='q_elements_item ' data-animation='no' data-item-class='q_elements_holder_custom_631098'><div class='q_elements_item_inner'><div class='q_elements_item_content q_elements_holder_custom_631098'>\n\t<div class=\"wpb_text_column wpb_content_element  vc_custom_1580153493856\">\n\t\t<div class=\"wpb_wrapper\">\n\t\t\t<blockquote class=\" with_quote_icon\">\n<h5 class=\"blockquote-text h5movil\" style=\"text-align: right;\">Mientras hay decenas de miles de grados de finanzas disponibles alrededor del mundo, que van desde lo excelente hasta los que no tienen valor, tan s\u00f3lo hay un CFA, administrado por una asociaci\u00f3n americana de profesionales financieros, el CFA Institute (\u2026) el crecimiento explosivo lo ha convertido, en efecto, en una divisa global.<\/h5>\n<\/blockquote>\n<div class=\"wpb_text_column wpb_content_element \">\n<div class=\"wpb_wrapper\">\n<p style=\"text-align: right;\">\u2013 The Economist<\/p>\n<\/div>\n<\/div>\n\n\t\t<\/div>\n\t<\/div><\/div><\/div><\/div><\/div><div class=\"vc_empty_space\"  style=\"height: 20px\" >\n\t<span class=\"vc_empty_space_inner\">\n\t\t<span class=\"empty_space_image\"  ><\/span>\n\t<\/span>\n<\/div>\n\t<div class=\"wpb_text_column wpb_content_element \">\n\t\t<div class=\"wpb_wrapper\">\n\t\t\t<p>La designaci\u00f3n CFA\u00ae es la credencial por excelencia de la pr\u00e1ctica profesional en inversiones. Venerada alrededor del mundo como el est\u00e1ndar global en la materia, contar con ella refleja el dominio de las aptitudes m\u00e1s apreciadas en la industria financiera.<\/p>\n<p>La credencial es otorgada por CFA Institute, y para obtenerla es necesario completar el Programa CFA, cuyo contenido est\u00e1 estructurado de acuerdo a la opini\u00f3n de practicantes a nivel global y de propios CFA charterholders -como se conoce a los que poseen la credencial-, por lo que est\u00e1 basado en las \u00e1reas de especializaci\u00f3n m\u00e1s valoradas en la pr\u00e1ctica inversionista internacional.<\/p>\n<p>&nbsp;<\/p>\n<div class=\"titulo\"><strong>El Programa<\/strong><\/div>\n<p>Organizado en tres niveles, cada uno culminando con un examen de cuatro horas y media, que es administrado en alrededor de 180 locaciones alrededor del mundo. El Programa CFA est\u00e1 dise\u00f1ado para que los candidatos -aquellos inscritos en alguno de los ex\u00e1menes- puedan presentarlo sin necesidad de interrumpir su pr\u00e1ctica laboral. El examen del Nivel I se puede presentar en Febrero, Mayo, Agosto y Noviembre, Nivel II en Febrero y Agosto, Nivel III en Mayo y Noviembre.<\/p>\n<p>Prepararse para enfrentarlos requiere dedicaci\u00f3n y esfuerzo, y son conocidos por su grado de dificultad, rigor t\u00e9cnico y calidad en la evaluaci\u00f3n. Su\u00a0tasa de aprobaci\u00f3n promedio por nivel en la \u00faltima d\u00e9cada\u00a0fue del 43%. Si bien es posible completar el programa en unos cuantos\u00a0a\u00f1os, no hay l\u00edmite para el n\u00famero de intentos para presentar cualquiera de los ex\u00e1menes, y el haber aprobado alguno de ellos conserva vigencia de por vida.<\/p>\n\n\t\t<\/div>\n\t<\/div><div class=\"vc_empty_space\"  style=\"height: 20px\" >\n\t<span class=\"vc_empty_space_inner\">\n\t\t<span class=\"empty_space_image\"  ><\/span>\n\t<\/span>\n<\/div><div class='q_elements_holder two_columns eh_two_columns_33_66 responsive_mode_from_768' ><div class='q_elements_item ' data-animation='no' data-item-class='q_elements_holder_custom_586186'><div class='q_elements_item_inner'><div class='q_elements_item_content q_elements_holder_custom_586186'><\/div><\/div><\/div><div class='q_elements_item ' data-animation='no' data-item-class='q_elements_holder_custom_578189'><div class='q_elements_item_inner'><div class='q_elements_item_content q_elements_holder_custom_578189'>\n\t<div class=\"wpb_text_column wpb_content_element \">\n\t\t<div class=\"wpb_wrapper\">\n\t\t\t<blockquote class=\" with_quote_icon\">\n<h5 class=\"blockquote-text h5movil\" style=\"text-align: right;\">Por entre los innumerables grados en finanzas alrededor del mundo, la credencial Chartered Financial Analyst \u00ae se ha convertido en el est\u00e1ndar dorado. Su reputaci\u00f3n ha sido impulsada por un crecimiento exponencial en la d\u00e9cada pasada y el alto respeto que le tienen los empleadores.<\/h5>\n<\/blockquote>\n<div class=\"wpb_text_column wpb_content_element \">\n<div class=\"wpb_wrapper\">\n<p style=\"text-align: right;\">\u2013 The Financial Times<\/p>\n<\/div>\n<\/div>\n\n\t\t<\/div>\n\t<\/div><\/div><\/div><\/div><\/div>\n\t<div class=\"wpb_text_column wpb_content_element \">\n\t\t<div class=\"wpb_wrapper\">\n\t\t\t<div class=\"titulo\"><strong>Ganando el CFA Charter<\/strong><\/div>\n<p>Una vez aprobados los tres ex\u00e1menes, para obtener la credencial es necesario:<\/p>\n<ul class=\"vineta\">\n<li>Acreditar o esperar a acumular 4,000 horas de experiencia profesional calificada en finanzas.<\/li>\n<li>Hacerse miembro del CFA Institute, y aplicar para ingresar a una sociedad CFA local.<\/li>\n<li>Presentar anualmente una declaraci\u00f3n de adhesi\u00f3n al C\u00f3digo de \u00c9tica y Est\u00e1ndares de Conducta Profesional del CFA Institute, junto con el pago de la anualidad para mantener la credencial.<\/li>\n<\/ul>\n<p>Adem\u00e1s de los beneficios inherentes a obtener la credencial, un CFA charterholder cuenta con una red global de sociedades integradas por colegas miembros, oportunidades de educaci\u00f3n continua por parte del CFA Institute, as\u00ed como otros servicios en su pr\u00e1ctica profesional.<\/p>\n\n\t\t<\/div>\n\t<\/div><div class=\"vc_empty_space\"  style=\"height: 20px\" >\n\t<span class=\"vc_empty_space_inner\">\n\t\t<span class=\"empty_space_image\"  ><\/span>\n\t<\/span>\n<\/div><\/div><\/div><\/div><\/div><\/div><\/div><\/div><\/div><\/div><\/div><\/div><div id=\"grupos-corporativos\"  data-q_id=\"#grupos-corporativos\"    class=\"vc_row wpb_row section vc_row-fluid  vc_custom_1580162141708\" style=' text-align:left;'><div class=\" full_section_inner clearfix\"><div class=\"wpb_column vc_column_container vc_col-sm-12\"><div class=\"vc_column-inner\"><div class=\"wpb_wrapper\"><div class=\"vc_empty_space\"  style=\"height: 120px\" >\n\t<span class=\"vc_empty_space_inner\">\n\t\t<span class=\"empty_space_image\"  ><\/span>\n\t<\/span>\n<\/div><div class=\"vc_empty_space\"  style=\"height: 120px\" >\n\t<span class=\"vc_empty_space_inner\">\n\t\t<span class=\"empty_space_image\"  ><\/span>\n\t<\/span>\n<\/div>\n\t<div class=\"wpb_text_column wpb_content_element \">\n\t\t<div class=\"wpb_wrapper\">\n\t\t\t<h1 style=\"text-align: center;\"><span style=\"color: #ffffff;\"><strong>GRUPOS CORPORATIVOS<\/strong><\/span><\/h1>\n\n\t\t<\/div>\n\t<\/div><div class=\"vc_empty_space\"  style=\"height: 120px\" >\n\t<span class=\"vc_empty_space_inner\">\n\t\t<span class=\"empty_space_image\"  ><\/span>\n\t<\/span>\n<\/div><div class=\"vc_empty_space\"  style=\"height: 120px\" >\n\t<span class=\"vc_empty_space_inner\">\n\t\t<span class=\"empty_space_image\"  ><\/span>\n\t<\/span>\n<\/div><\/div><\/div><\/div><\/div><\/div><div      class=\"vc_row wpb_row section vc_row-fluid  vc_custom_1575412132595\" style='background-color:#f4f4f4; text-align:left;'><div class=\" full_section_inner clearfix\"><div class=\"wpb_column vc_column_container vc_col-sm-12\"><div class=\"vc_column-inner\"><div class=\"wpb_wrapper\"><div      class=\"vc_row wpb_row section vc_row-fluid vc_inner  grid_section\" style=' text-align:left;'><div class=\" section_inner clearfix\"><div class='section_inner_margin clearfix'><div class=\"wpb_column vc_column_container vc_col-sm-12 vc_col-has-fill\"><div class=\"vc_column-inner vc_custom_1578083492281\"><div class=\"wpb_wrapper\">\n\t<div class=\"wpb_text_column wpb_content_element \">\n\t\t<div class=\"wpb_wrapper\">\n\t\t\t<h2><strong>Preparaci\u00f3n a la Medida para Corporativos<\/strong><\/h2>\n\n\t\t<\/div>\n\t<\/div>\n\t<div class=\"wpb_text_column wpb_content_element \">\n\t\t<div class=\"wpb_wrapper\">\n\t\t\t<p>En <b class=\"black\">Vademia Colegio de Finanzas <\/b>tenemos una soluci\u00f3n dise\u00f1ada a su medida, ya sea busque sus colaboradores se preparen para el\u00a0Programa CFA\u00ae o actualizar sus aptitudes profesionales reflejando los principios de disciplina y rigor que lo caracterizan.<\/p>\n<p>Escuchamos sus necesidades, entendemos sus objetivos y construimos una soluci\u00f3n en contenidos acorde a ellos.<\/p>\n<p>Entendemos la importancia de la flexibilidad: podr\u00eda ser m\u00e1s conveniente para usted preparar a su personal en sus instalaciones, quiz\u00e1s el tiempo disponible para hacerlo requiere de una cuidadosa selecci\u00f3n te\u00f3rica y de eficiencia para transmitirla a sus colaboradores, o tal vez requiera una soluci\u00f3n efectiva en costos, entre muchas otras variables.<\/p>\n\n\t\t<\/div>\n\t<\/div><\/div><\/div><\/div><\/div><\/div><\/div><\/div><\/div><\/div><\/div><\/div><div id=\"contacto\"  data-q_id=\"#contacto\"    class=\"vc_row wpb_row section vc_row-fluid  vc_custom_1580162692072\" style=' text-align:left;'><div class=\" full_section_inner clearfix\"><div class=\"wpb_column vc_column_container vc_col-sm-12\"><div class=\"vc_column-inner\"><div class=\"wpb_wrapper\"><div class=\"vc_empty_space\"  style=\"height: 120px\" >\n\t<span class=\"vc_empty_space_inner\">\n\t\t<span class=\"empty_space_image\"  ><\/span>\n\t<\/span>\n<\/div><div class=\"vc_empty_space\"  style=\"height: 120px\" >\n\t<span class=\"vc_empty_space_inner\">\n\t\t<span class=\"empty_space_image\"  ><\/span>\n\t<\/span>\n<\/div>\n\t<div class=\"wpb_text_column wpb_content_element \">\n\t\t<div class=\"wpb_wrapper\">\n\t\t\t<h1 style=\"text-align: center;\"><span style=\"color: #ffffff;\"><strong>CONTACTO Y SEDES<\/strong><\/span><\/h1>\n\n\t\t<\/div>\n\t<\/div><div class=\"vc_empty_space\"  style=\"height: 120px\" >\n\t<span class=\"vc_empty_space_inner\">\n\t\t<span class=\"empty_space_image\"  ><\/span>\n\t<\/span>\n<\/div><div class=\"vc_empty_space\"  style=\"height: 120px\" >\n\t<span class=\"vc_empty_space_inner\">\n\t\t<span class=\"empty_space_image\"  ><\/span>\n\t<\/span>\n<\/div><\/div><\/div><\/div><\/div><\/div><div      class=\"vc_row wpb_row section vc_row-fluid  vc_custom_1578084077785\" style='background-color:#f4f4f4; text-align:left;'><div class=\" full_section_inner clearfix\"><div class=\"wpb_column vc_column_container vc_col-sm-12\"><div class=\"vc_column-inner\"><div class=\"wpb_wrapper\"><div      class=\"vc_row wpb_row section vc_row-fluid vc_inner  vc_custom_1578083852381 grid_section\" style=' text-align:left;'><div class=\" section_inner clearfix\"><div class='section_inner_margin clearfix'><div class=\"wpb_column vc_column_container vc_col-sm-8 vc_col-has-fill\"><div class=\"vc_column-inner vc_custom_1577737003025\"><div class=\"wpb_wrapper\">\n\t<div class=\"wpb_text_column wpb_content_element \">\n\t\t<div class=\"wpb_wrapper\">\n\t\t\t<h2>Cont\u00e1ctanos<\/h2>\n\n\t\t<\/div>\n\t<\/div><div class=\"vc_empty_space\"  style=\"height: 20px\" >\n\t<span class=\"vc_empty_space_inner\">\n\t\t<span class=\"empty_space_image\"  ><\/span>\n\t<\/span>\n<\/div>\n<div class=\"wpcf7 no-js\" id=\"wpcf7-f1174-o1\" lang=\"en-US\" dir=\"ltr\" data-wpcf7-id=\"1174\">\n<div class=\"screen-reader-response\"><p role=\"status\" aria-live=\"polite\" aria-atomic=\"true\"><\/p> <ul><\/ul><\/div>\n<form action=\"\/en\/wp-json\/wp\/v2\/pages\/24#wpcf7-f1174-o1\" method=\"post\" class=\"wpcf7-form init cf7_custom_style_1\" aria-label=\"Contact form\" novalidate=\"novalidate\" data-status=\"init\">\n<fieldset class=\"hidden-fields-container\"><input type=\"hidden\" name=\"_wpcf7\" value=\"1174\" \/><input type=\"hidden\" name=\"_wpcf7_version\" value=\"6.1.5\" \/><input type=\"hidden\" name=\"_wpcf7_locale\" value=\"en_US\" \/><input type=\"hidden\" name=\"_wpcf7_unit_tag\" value=\"wpcf7-f1174-o1\" \/><input type=\"hidden\" name=\"_wpcf7_container_post\" value=\"0\" \/><input type=\"hidden\" name=\"_wpcf7_posted_data_hash\" value=\"\" \/><input type=\"hidden\" name=\"lang\" value=\"en\" \/><input type=\"hidden\" name=\"_wpcf7_recaptcha_response\" value=\"\" \/>\n<\/fieldset>\n<div>\n\t<p><span class=\"wpcf7-form-control-wrap\" data-name=\"your-name\"><input size=\"40\" maxlength=\"400\" class=\"wpcf7-form-control wpcf7-text wpcf7-validates-as-required\" aria-required=\"true\" aria-invalid=\"false\" placeholder=\"Nombre*\" value=\"\" type=\"text\" name=\"your-name\" \/><\/span>\n\t<\/p>\n<\/div>\n<div>\n\t<p><span class=\"wpcf7-form-control-wrap\" data-name=\"tel-958\"><input size=\"40\" maxlength=\"400\" class=\"wpcf7-form-control wpcf7-tel wpcf7-validates-as-required wpcf7-text wpcf7-validates-as-tel\" aria-required=\"true\" aria-invalid=\"false\" placeholder=\"Tel\u00e9fono*\" value=\"\" type=\"tel\" name=\"tel-958\" \/><\/span>\n\t<\/p>\n<\/div>\n<div>\n\t<p><span class=\"wpcf7-form-control-wrap\" data-name=\"your-email\"><input size=\"40\" maxlength=\"400\" class=\"wpcf7-form-control wpcf7-email wpcf7-validates-as-required wpcf7-text wpcf7-validates-as-email\" aria-required=\"true\" aria-invalid=\"false\" placeholder=\"Email*\" value=\"\" type=\"email\" name=\"your-email\" \/><\/span>\n\t<\/p>\n<\/div>\n<div>\n\t<p><span class=\"wpcf7-form-control-wrap\" data-name=\"textarea-328\"><textarea cols=\"40\" rows=\"10\" maxlength=\"2000\" class=\"wpcf7-form-control wpcf7-textarea wpcf7-validates-as-required\" aria-required=\"true\" aria-invalid=\"false\" placeholder=\"Asunto y Mensaje\" name=\"textarea-328\"><\/textarea><\/span>\n\t<\/p>\n<\/div>\n<div>\n\t<p><input class=\"wpcf7-form-control wpcf7-submit has-spinner\" type=\"submit\" value=\"Enviar\" \/>\n\t<\/p>\n<\/div><input type='hidden' class='wpcf7-pum' value='{\"closepopup\":false,\"closedelay\":0,\"openpopup\":false,\"openpopup_id\":0}' \/><div class=\"wpcf7-response-output\" aria-hidden=\"true\"><\/div>\n<\/form>\n<\/div>\n<\/div><\/div><\/div><div class=\"wpb_column vc_column_container vc_col-sm-4 vc_col-has-fill\"><div class=\"vc_column-inner vc_custom_1577737011146\"><div class=\"wpb_wrapper\">\n\t<div class=\"wpb_text_column wpb_content_element \">\n\t\t<div class=\"wpb_wrapper\">\n\t\t\t<h2>\u00bfDudas?<\/h2>\n\n\t\t<\/div>\n\t<\/div><div class=\"vc_empty_space\"  style=\"height: 20px\" >\n\t<span class=\"vc_empty_space_inner\">\n\t\t<span class=\"empty_space_image\"  ><\/span>\n\t<\/span>\n<\/div>\n\t<div class=\"wpb_text_column wpb_content_element \">\n\t\t<div class=\"wpb_wrapper\">\n\t\t\t<p>Nos dar\u00e1 gusto atenderte y responder tus preguntas acerca del Programa CFA<sup>\u00ae<\/sup>\u00a0y\/o de nuestros servicios.<\/p>\n<p><strong>E-mail:<\/strong><br \/>\n<a href=\"mailto:asistencia@vademia.com\"><img loading=\"lazy\" decoding=\"async\" class=\"alignnone wp-image-5367 size-full\" src=\"https:\/\/vademia.com\/wp-content\/uploads\/2022\/03\/asistencia-5.png\" alt=\"\" width=\"148\" height=\"13\" \/><\/a><\/p>\n\n\t\t<\/div>\n\t<\/div><\/div><\/div><\/div><\/div><\/div><\/div><\/div><\/div><\/div><\/div><\/div><div id=\"links-cfa\"  data-q_id=\"#links-cfa\"    class=\"vc_row wpb_row section vc_row-fluid  vc_custom_1654212549254\" style='background-image:url(https:\/\/vademia.com\/wp-content\/uploads\/2020\/01\/links-cfa.jpg); text-align:left;'><div class=\" full_section_inner clearfix\"><div class=\"wpb_column vc_column_container vc_col-sm-12\"><div class=\"vc_column-inner\"><div class=\"wpb_wrapper\"><div class=\"vc_empty_space\"  style=\"height: 120px\" >\n\t<span class=\"vc_empty_space_inner\">\n\t\t<span class=\"empty_space_image\"  ><\/span>\n\t<\/span>\n<\/div><div class=\"vc_empty_space\"  style=\"height: 120px\" >\n\t<span class=\"vc_empty_space_inner\">\n\t\t<span class=\"empty_space_image\"  ><\/span>\n\t<\/span>\n<\/div>\n\t<div class=\"wpb_text_column wpb_content_element \">\n\t\t<div class=\"wpb_wrapper\">\n\t\t\t<h1 style=\"text-align: center;\"><span style=\"color: #ffffff;\"><strong>LINKS EN CFA INSTITUTE<\/strong><\/span><\/h1>\n\n\t\t<\/div>\n\t<\/div><div class=\"vc_empty_space\"  style=\"height: 120px\" >\n\t<span class=\"vc_empty_space_inner\">\n\t\t<span class=\"empty_space_image\"  ><\/span>\n\t<\/span>\n<\/div><div class=\"vc_empty_space\"  style=\"height: 120px\" >\n\t<span class=\"vc_empty_space_inner\">\n\t\t<span class=\"empty_space_image\"  ><\/span>\n\t<\/span>\n<\/div><\/div><\/div><\/div><\/div><\/div><div      class=\"vc_row wpb_row section vc_row-fluid  vc_custom_1578084165186\" style='background-color:#f4f4f4; text-align:left;'><div class=\" full_section_inner clearfix\"><div class=\"wpb_column vc_column_container vc_col-sm-12\"><div class=\"vc_column-inner\"><div class=\"wpb_wrapper\"><div      class=\"vc_row wpb_row section vc_row-fluid vc_inner  vc_custom_1578084185515 grid_section\" style=' text-align:left;'><div class=\" section_inner clearfix\"><div class='section_inner_margin clearfix'><div class=\"wpb_column vc_column_container vc_col-sm-12 vc_col-has-fill\"><div class=\"vc_column-inner vc_custom_1575418218799\"><div class=\"wpb_wrapper\">\n\t<div class=\"wpb_text_column wpb_content_element \">\n\t\t<div class=\"wpb_wrapper\">\n\t\t\t<h2>Links en CFA Institute:<\/h2>\n\n\t\t<\/div>\n\t<\/div>\n\t<div class=\"wpb_text_column wpb_content_element \">\n\t\t<div class=\"wpb_wrapper\">\n\t\t\t<ul>\n<li><a href=\"https:\/\/www.cfainstitute.org\/\" target=\"_blank\" rel=\"noopener noreferrer\">P\u00e1gina principal<\/a><\/li>\n<li><a href=\"https:\/\/www.cfainstitute.org\/programs\/cfa-program\/candidate-resources\/exam-registration-scheduling-guide\" target=\"_blank\" rel=\"noopener noreferrer\">Registro para los ex\u00e1menes<\/a><\/li>\n<li><a href=\"https:\/\/www.cfainstitute.org\/programs\/cfa-program\/dates-fees\" target=\"_blank\" rel=\"noopener noreferrer\">Calendarizaci\u00f3n de pagos para los ex\u00e1menes<\/a><\/li>\n<li><a href=\"https:\/\/cfainstitute.org\/programs\/cfa\/curriculum\/study-sessions\" target=\"_blank\" rel=\"noopener noreferrer\">Sesiones de estudio, contenido y ponderaci\u00f3n tem\u00e1tica del Programa CFA<\/a><\/li>\n<li><a href=\"https:\/\/amzn.to\/3YtHOD4\" target=\"_blank\" rel=\"noopener noreferrer\">Lecturas Pre-requisito de M\u00e9todos Cuantitativos 2026 en Amazon<\/a><\/li>\n<li><a href=\"https:\/\/amzn.to\/43d9UFh\" target=\"_blank\" rel=\"noopener noreferrer\">Lecturas Pre-requisito de Econom\u00eda 2026 en Amazon<\/a><\/li>\n<li><a href=\"https:\/\/amzn.to\/3Gz86gY\" target=\"_blank\" rel=\"noopener noreferrer\">Lecturas Pre-requisito de An\u00e1lisis de Estados Financieros 2026 en Amazon<\/a><\/li>\n<li><a href=\"https:\/\/amzn.to\/3RIIssD\" target=\"_blank\" rel=\"noopener noreferrer\">Curr\u00edculum del Programa CFA 2026 en Amazon<\/a><\/li>\n<li><a href=\"https:\/\/amzn.to\/42DysWv\" target=\"_blank\" rel=\"noopener noreferrer\">Calculadora TI BA II Plus Professional en Amazon<\/a><\/li>\n<\/ul>\n\n\t\t<\/div>\n\t<\/div><\/div><\/div><\/div><\/div><\/div><\/div><\/div><\/div><\/div><\/div><\/div>\n<\/div>","protected":false},"excerpt":{"rendered":"Programa CFA\u00ae Mientras hay decenas de miles de grados de finanzas disponibles alrededor del mundo, que van desde lo excelente hasta los que no tienen valor, tan s\u00f3lo hay un CFA, administrado por una asociaci\u00f3n americana de profesionales financieros, el CFA Institute (\u2026) el crecimiento...","protected":false},"author":1,"featured_media":0,"parent":0,"menu_order":0,"comment_status":"closed","ping_status":"closed","template":"full_width.php","meta":{"footnotes":""},"class_list":["post-24","page","type-page","status-publish","hentry"],"_links":{"self":[{"href":"https:\/\/vademia.com\/en\/wp-json\/wp\/v2\/pages\/24","targetHints":{"allow":["GET"]}}],"collection":[{"href":"https:\/\/vademia.com\/en\/wp-json\/wp\/v2\/pages"}],"about":[{"href":"https:\/\/vademia.com\/en\/wp-json\/wp\/v2\/types\/page"}],"author":[{"embeddable":true,"href":"https:\/\/vademia.com\/en\/wp-json\/wp\/v2\/users\/1"}],"replies":[{"embeddable":true,"href":"https:\/\/vademia.com\/en\/wp-json\/wp\/v2\/comments?post=24"}],"version-history":[{"count":96,"href":"https:\/\/vademia.com\/en\/wp-json\/wp\/v2\/pages\/24\/revisions"}],"predecessor-version":[{"id":17149,"href":"https:\/\/vademia.com\/en\/wp-json\/wp\/v2\/pages\/24\/revisions\/17149"}],"wp:attachment":[{"href":"https:\/\/vademia.com\/en\/wp-json\/wp\/v2\/media?parent=24"}],"curies":[{"name":"wp","href":"https:\/\/api.w.org\/{rel}","templated":true}]}}