{"id":26022,"date":"2025-11-22T12:54:55","date_gmt":"2025-11-22T06:54:55","guid":{"rendered":"https:\/\/vademia.com\/?page_id=26022"},"modified":"2026-05-15T06:47:54","modified_gmt":"2026-05-15T00:47:54","slug":"cfa-n1-ag26fb27-col","status":"publish","type":"page","link":"https:\/\/vademia.com\/en\/cfa-n1-ag26fb27-col\/","title":{"rendered":"CFA N1 Ag26Fb27 Colombia"},"content":{"rendered":"<div class=\"wpb-content-wrapper\"><div class=\"vc_row wpb_row section vc_row-fluid \" style=' text-align:left;'><div class=\" full_section_inner clearfix\"><div class=\"wpb_column vc_column_container vc_col-sm-12\"><div class=\"vc_column-inner\"><div class=\"wpb_wrapper\">\n\t\t\t\t<p class=\"rs-p-wp-fix\"><\/p>\n\t\t\t\t<sr7-module data-alias=\"cfa-n1-colombia-ag26fb27\" data-id=\"251\" id=\"SR7_251_1\" class=\"rs-ov-hidden\" data-version=\"6.7.51\">\n\t\t\t\t\t<sr7-adjuster><\/sr7-adjuster>\n\t\t\t\t\t<sr7-content>\n\t\t\t\t\t\t<sr7-slide id=\"SR7_251_1-431\" data-key=\"431\">\n\t\t\t\t\t\t\t<sr7-bg id=\"SR7_251_1-431-2\" class=\"sr7-layer\"><noscript><img decoding=\"async\" src=\"https:\/\/vademia.com\/wp-content\/uploads\/2020\/12\/03-Colombia-1.jpg\" alt=\"CFA Colombia\" title=\"03 Colombia\"><\/noscript><\/sr7-bg>\n\t\t\t\t\t\t\t<sr7-txt id=\"SR7_251_1-431-0\" class=\"sr7-layer\">Preparaci\u00f3n para el Nivel I<br \/>\ndel examen del Programa CFA<sup>\u00ae <\/sup>    <\/sr7-txt>\n\t\t\t\t\t\t\t<sr7-txt id=\"SR7_251_1-431-1\" class=\"sr7-layer\">Agosto 2026 - Febrero 2027, Colombia<\/sr7-txt>\n\t\t\t\t\t\t<\/sr7-slide>\n\t\t\t\t\t\t<sr7-slide id=\"SR7_251_1-437\" data-key=\"437\">\n\t\t\t\t\t\t<\/sr7-slide>\n\t\t\t\t\t<\/sr7-content>\n\t\t\t\t\t<image_lists style=\"display:none\">\n\t\t\t\t\t\t<img data-src=\"\/\/vademia.com\/wp-content\/uploads\/2020\/12\/03-Colombia-1.jpg\" data-libid=\"2464\" data-lib=\"medialibrary\" width=\"0\" height=\"0\" data-dbsrc=\"Ly92YWRlbWlhLmNvbS93cC1jb250ZW50L3VwbG9hZHMvMjAyMC8xMi8wMy1Db2xvbWJpYS0xLmpwZw==\"\/>\n\t\t\t\t\t<\/image_lists>\n\t\t\t\t<\/sr7-module>\n\t\t\t\t<script>\n\t\t\t\t\twindow.SR7 ??={};SR7.PMH ??={}; SR7.PMH[\"SR7_251_1\"] = {cn:100,state:false,fn: function() { if (window._tpt!==undefined && window._tpt.prepareModuleHeight !== undefined) {  _tpt.prepareModuleHeight({id:\"SR7_251_1\",el:[780,780,780,778,480],type:'standard',shdw:'0',gh:[780,780,780,778,480],gw:[1920,1920,1920,778,480],vpt:['-200px&#039;,&#039;-200px&#039;,&#039;-200px&#039;,&#039;-200px&#039;,&#039;-200px'],size:{fullWidth:true, fullHeight:false},mh:'0',onh:0,onw:0,bg:{color:'{\"orig\":\"transparent\",\"type\":\"solid\",\"string\":\"transparent\"}'},plType:'0',plColor:'#FFFFFF'});   SR7.PMH[\"SR7_251_1\"].state=true;} else if(SR7.PMH[\"SR7_251_1\"].cn-->0)\tsetTimeout( SR7.PMH[\"SR7_251_1\"].fn,19);}};SR7.PMH[\"SR7_251_1\" ].fn();\n\t\t\t\t<\/script>\n<\/div><\/div><\/div><\/div><\/div><div      class=\"vc_row wpb_row section vc_row-fluid  vc_custom_1575412132595\" style='background-color:#f4f4f4; text-align:left;'><div class=\" full_section_inner clearfix\"><div class=\"wpb_column vc_column_container vc_col-sm-12\"><div class=\"vc_column-inner\"><div class=\"wpb_wrapper\"><div      class=\"vc_row wpb_row section vc_row-fluid vc_inner  grid_section\" style=' text-align:left;'><div class=\" section_inner clearfix\"><div class='section_inner_margin clearfix'><div class=\"pad wpb_column vc_column_container vc_col-sm-4 vc_col-has-fill\"><div class=\"vc_column-inner vc_custom_1579546069270\"><div class=\"wpb_wrapper\">\n\t<div class=\"wpb_text_column wpb_content_element \">\n\t\t<div class=\"wpb_wrapper\">\n\t\t\t<h2>Grupos<\/h2>\n\n\t\t<\/div>\n\t<\/div><div class=\"vc_empty_space\"  style=\"height: 20px\" >\n\t<span class=\"vc_empty_space_inner\">\n\t\t<span class=\"empty_space_image\"  ><\/span>\n\t<\/span>\n<\/div>\n\t<div class=\"wpb_text_column wpb_content_element \">\n\t\t<div class=\"wpb_wrapper\">\n\t\t\t<p>S\u00e1bados de 09:00 a.m. a 3:00 p.m.<\/p>\n\n\t\t<\/div>\n\t<\/div><\/div><\/div><\/div><div class=\"pad wpb_column vc_column_container vc_col-sm-4 vc_col-has-fill\"><div class=\"vc_column-inner vc_custom_1579546080326\"><div class=\"wpb_wrapper\">\n\t<div class=\"wpb_text_column wpb_content_element \">\n\t\t<div class=\"wpb_wrapper\">\n\t\t\t<h2>Fechas<\/h2>\n\n\t\t<\/div>\n\t<\/div><div class=\"vc_empty_space\"  style=\"height: 20px\" >\n\t<span class=\"vc_empty_space_inner\">\n\t\t<span class=\"empty_space_image\"  ><\/span>\n\t<\/span>\n<\/div>\n\t<div class=\"wpb_text_column wpb_content_element \">\n\t\t<div class=\"wpb_wrapper\">\n\t\t\t<p>Inicio: 15 de Agosto de 2026<\/p>\n<p>Conclusi\u00f3n: 23 de Enero de 2027<\/p>\n\n\t\t<\/div>\n\t<\/div><\/div><\/div><\/div><div class=\"pad wpb_column vc_column_container vc_col-sm-4 vc_col-has-fill\"><div class=\"vc_column-inner vc_custom_1579546089541\"><div class=\"wpb_wrapper\">\n\t<div class=\"wpb_text_column wpb_content_element \">\n\t\t<div class=\"wpb_wrapper\">\n\t\t\t<h2>Modalidad<\/h2>\n\n\t\t<\/div>\n\t<\/div><div class=\"vc_empty_space\"  style=\"height: 20px\" >\n\t<span class=\"vc_empty_space_inner\">\n\t\t<span class=\"empty_space_image\"  ><\/span>\n\t<\/span>\n<\/div>\n\t<div class=\"wpb_text_column wpb_content_element \">\n\t\t<div class=\"wpb_wrapper\">\n\t\t\t<p>Sesiones transmitidas <strong>en vivo en l\u00ednea<\/strong> as\u00ed como <strong>grabadas<\/strong> para poder consultarlas despu\u00e9s de clase.<\/p>\n\n\t\t<\/div>\n\t<\/div><\/div><\/div><\/div><\/div><\/div><\/div><\/div><\/div><\/div><\/div><\/div><div      class=\"vc_row wpb_row section vc_row-fluid  grid_section\" style=' text-align:left;'><div class=\" section_inner clearfix\"><div class='section_inner_margin clearfix'><div class=\"wpb_column vc_column_container vc_col-sm-12\"><div class=\"vc_column-inner\"><div class=\"wpb_wrapper\"><div class=\"vc_empty_space\"  style=\"height: 22px\" >\n\t<span class=\"vc_empty_space_inner\">\n\t\t<span class=\"empty_space_image\"  ><\/span>\n\t<\/span>\n<\/div><div class=\"vc_empty_space\"  style=\"height: 22px\" >\n\t<span class=\"vc_empty_space_inner\">\n\t\t<span class=\"empty_space_image\"  ><\/span>\n\t<\/span>\n<\/div><div class=\"vc_empty_space\"  style=\"height: 22px\" >\n\t<span class=\"vc_empty_space_inner\">\n\t\t<span class=\"empty_space_image\"  ><\/span>\n\t<\/span>\n<\/div>\n\t<div class=\"wpb_text_column wpb_content_element \">\n\t\t<div class=\"wpb_wrapper\">\n\t\t\t<h1 style=\"text-align: left;\">Metodolog\u00eda<\/h1>\n\n\t\t<\/div>\n\t<\/div><div class=\"vc_empty_space\"  style=\"height: 16px\" >\n\t<span class=\"vc_empty_space_inner\">\n\t\t<span class=\"empty_space_image\"  ><\/span>\n\t<\/span>\n<\/div>\n\t<div class=\"wpb_text_column wpb_content_element \">\n\t\t<div class=\"wpb_wrapper\">\n\t\t\t<p><em>En <strong>Vademia<\/strong> estamos comprometidos con <strong>tu \u00e9xito<\/strong> y por ello nuestras sesiones est\u00e1n <strong>optimizadas<\/strong> para abarcar adecuadamente el <strong>Programa CFA<\/strong>:<\/em><\/p>\n\n\t\t<\/div>\n\t<\/div><div class=\"vc_empty_space\"  style=\"height: 22px\" >\n\t<span class=\"vc_empty_space_inner\">\n\t\t<span class=\"empty_space_image\"  ><\/span>\n\t<\/span>\n<\/div>\n\t<div class=\"wpb_text_column wpb_content_element \">\n\t\t<div class=\"wpb_wrapper\">\n\t\t\t<table>\n<tbody>\n<tr>\n<td style=\"text-align: left;\">\u00b7 <strong>Nivel Cero<\/strong><\/td>\n<td style=\"text-align: left;\">Toma nuestro <strong>Programa Proped\u00e9utico <\/strong>con las herramientas <strong>introductorias claves <\/strong>al Programa CFA adem\u00e1s de nuestro taller para el <strong>uso eficiente de la calculadora.<\/strong><\/td>\n<\/tr>\n<tr>\n<td style=\"text-align: left;\">\u00b7 <strong>Sesiones Te\u00f3ricas<\/strong><\/td>\n<td style=\"text-align: left;\">Aprovecha m\u00e1s de una d\u00e9cada preparando candidatos CFA con nuestros docentes que son <strong>CFA charterholders<\/strong>, especialistas en su \u00e1rea y con amplia <strong>experiencia<\/strong> pedag\u00f3gica, ofreciendo <strong>diversidad<\/strong> de perspectivas en clases habladas en espa\u00f1ol, <strong>lengua materna<\/strong> de la mayor\u00eda de nuestros clientes haciendo m\u00e1s eficiente su aprendizaje.<\/td>\n<\/tr>\n<tr>\n<td style=\"text-align: left;\">\u00b7 <strong>Clases Maestras de Revisi\u00f3n<\/strong><\/td>\n<td style=\"text-align: left;\">Despu\u00e9s de haberte preparado en la teor\u00eda, pon tus <strong>habilidades<\/strong> y <strong>conocimientos<\/strong> a prueba, dominando los temas y conceptos clave, <strong>reforzando<\/strong> tu comprensi\u00f3n y<strong> obteniendo<\/strong> los consejos que aumentar\u00e1n la <strong>velocidad<\/strong> con la que resuelves incluso las preguntas de mayor dificultad.<\/td>\n<\/tr>\n<tr>\n<td style=\"text-align: left;\">\u00b7 <strong>Mentor\u00eda Dentro y Fuera del Aula\u00a0<\/strong><\/td>\n<td style=\"text-align: left;\">Ten la tranquilidad de contar con<strong>\u00a0respaldo<\/strong>\u00a0<strong>uno a uno<\/strong> en todo momento para <strong>aclarar<\/strong> dudas, <strong>agilizar <\/strong>y <strong>profundizar<\/strong>\u00a0tu estudio de manera <strong>personalizada.<\/strong><\/td>\n<\/tr>\n<tr>\n<td style=\"text-align: left;\">\u00b7<strong> Materiales<\/strong><\/td>\n<td style=\"text-align: left;\">Inicia tu trayecto en el Programa CFA con la <em><strong><a href=\"https:\/\/vademia.com.mx\/wp-content\/uploads\/2020\/08\/BIENVENIDA-ALUMNOS.pdf\" target=\"_blank\" rel=\"noopener noreferrer\">Bienvenida<\/a><\/strong><\/em> a nuestros equipos <strong>entendiendo<\/strong> a detalle sus caracter\u00edsticas y las mejores estrategias para tener \u00e9xito en \u00e9l. <strong>Analiza<\/strong> y<strong> resuelve<\/strong> m\u00e1s de <strong>1,850 preguntas<\/strong> de pr\u00e1ctica y <strong>entiende<\/strong> el contenido con m\u00e1s de <strong>4,100 diapositivas<\/strong> que revisamos a detalle en las sesiones de estudio.<\/td>\n<\/tr>\n<\/tbody>\n<\/table>\n\n\t\t<\/div>\n\t<\/div><div class=\"vc_empty_space\"  style=\"height: 32px\" >\n\t<span class=\"vc_empty_space_inner\">\n\t\t<span class=\"empty_space_image\"  ><\/span>\n\t<\/span>\n<\/div>\n\t<div class=\"wpb_text_column wpb_content_element \">\n\t\t<div class=\"wpb_wrapper\">\n\t\t\t<p><span style=\"color: #3366ff;\"><strong><em><span style=\"color: #333333;\">\u00bfNecesitas referencias? \u00a1Por supuesto! Pregunta por nuestra comunidad de <\/span><\/em><\/strong><\/span><a href=\"https:\/\/vademia.com\/testimoniales\" target=\"_blank\" rel=\"noopener noreferrer\"><em><strong>exalumnos que ya son CFA charterholders.<\/strong><\/em><\/a><\/p>\n\n\t\t<\/div>\n\t<\/div><\/div><\/div><\/div><\/div><\/div><\/div><div      class=\"vc_row wpb_row section vc_row-fluid  vc_custom_1575413030761 grid_section\" style=' text-align:left;'><div class=\" section_inner clearfix\"><div class='section_inner_margin clearfix'><div class=\"wpb_column vc_column_container vc_col-sm-8\"><div class=\"vc_column-inner\"><div class=\"wpb_wrapper\">\n\t<div class=\"wpb_text_column wpb_content_element \">\n\t\t<div class=\"wpb_wrapper\">\n\t\t\t<h2>Calendarizaci\u00f3n<\/h2>\n\n\t\t<\/div>\n\t<\/div><div class=\"vc_empty_space\"  style=\"height: 20px\" >\n\t<span class=\"vc_empty_space_inner\">\n\t\t<span class=\"empty_space_image\"  ><\/span>\n\t<\/span>\n<\/div><div class=\"vc_empty_space\"  style=\"height: 20px\" >\n\t<span class=\"vc_empty_space_inner\">\n\t\t<span class=\"empty_space_image\"  ><\/span>\n\t<\/span>\n<\/div>\n\t<div class=\"wpb_text_column wpb_content_element \">\n\t\t<div class=\"wpb_wrapper\">\n\t\t\t<table width=\"100%\">\n<tbody>\n<tr>\n<td width=\"30%\">S\u00e1b.<\/td>\n<\/tr>\n<tr>\n<td width=\"30%\"><em>Agosto<\/em><\/td>\n<\/tr>\n<tr>\n<td width=\"30%\">15<\/td>\n<td width=\"70%\">Equity<\/td>\n<\/tr>\n<tr>\n<td width=\"30%\">22<\/td>\n<td width=\"70%\">Equity \/ Fixed Income<\/td>\n<\/tr>\n<tr>\n<td width=\"30%\">29<\/td>\n<td width=\"70%\">Fixed Income<\/td>\n<\/tr>\n<\/tbody>\n<\/table>\n<p>&nbsp;<\/p>\n<table width=\"100%\">\n<tbody>\n<tr>\n<td width=\"30%\"><em>Septiembre<\/em><\/td>\n<\/tr>\n<tr>\n<td width=\"30%\">05<\/td>\n<td width=\"70%\">Fixed Income<\/td>\n<\/tr>\n<tr>\n<td width=\"30%\">12<\/td>\n<td width=\"70%\">Derivatives<\/td>\n<\/tr>\n<tr>\n<td width=\"30%\">19<\/td>\n<td width=\"70%\">Alternative Investments<\/td>\n<\/tr>\n<tr>\n<td width=\"30%\">26<\/td>\n<td width=\"70%\">Portfolio Management<\/td>\n<\/tr>\n<\/tbody>\n<\/table>\n<p>&nbsp;<\/p>\n<table width=\"100%\">\n<tbody>\n<tr>\n<td width=\"30%\"><em>Octubre<\/em><\/td>\n<\/tr>\n<tr>\n<td width=\"30%\">03<\/td>\n<td width=\"70%\">Ethical and Professional Standards<\/td>\n<\/tr>\n<tr>\n<td width=\"30%\">10<\/td>\n<td width=\"70%\">C<em>lase Maestra de Revisi\u00f3n I<\/em><\/td>\n<\/tr>\n<tr>\n<td width=\"30%\">24<\/td>\n<td width=\"70%\">C<em>lase Maestra de Revisi\u00f3n II<\/em><\/td>\n<\/tr>\n<\/tbody>\n<\/table>\n<p>&nbsp;<\/p>\n<table width=\"100%\">\n<tbody>\n<tr>\n<td width=\"30%\"><em>Noviembre<\/em><\/td>\n<\/tr>\n<tr>\n<td width=\"30%\">14<\/td>\n<td width=\"70%\">Quantitative Methods<\/td>\n<\/tr>\n<tr>\n<td width=\"30%\">21<\/td>\n<td width=\"70%\">Quantitative Methods \/ Economics<\/td>\n<\/tr>\n<tr>\n<td width=\"30%\">28<\/td>\n<td width=\"70%\">Economics<\/td>\n<\/tr>\n<\/tbody>\n<\/table>\n<p>&nbsp;<\/p>\n<table width=\"100%\">\n<tbody>\n<tr>\n<td width=\"30%\"><i>Diciembre<\/i><\/td>\n<\/tr>\n<tr>\n<td width=\"30%\">05<\/td>\n<td width=\"70%\">Economics \/ Corporate Issuers<\/td>\n<\/tr>\n<tr>\n<td width=\"30%\">12<\/td>\n<td width=\"70%\">Financial Statement Analysis<\/td>\n<\/tr>\n<\/tbody>\n<\/table>\n<p>&nbsp;<\/p>\n<table width=\"100%\">\n<tbody>\n<tr>\n<td width=\"30%\"><em>Enero<\/em><\/td>\n<\/tr>\n<tr>\n<td width=\"30%\">09<\/td>\n<td width=\"70%\"><em>Financial Statement Analysis<\/em><\/td>\n<\/tr>\n<tr>\n<td width=\"30%\">16<\/td>\n<td width=\"70%\"><em>Clase Maestra de Revisi\u00f3n III<\/em><\/td>\n<\/tr>\n<tr>\n<td width=\"30%\">23<\/td>\n<td width=\"70%\"><em>Clase Maestra de Revisi\u00f3n IV<\/em><\/td>\n<\/tr>\n<\/tbody>\n<\/table>\n<p>&nbsp;<\/p>\n<table width=\"100%\">\n<tbody>\n<tr>\n<td width=\"30%\"><em>Febrero<\/em><\/td>\n<\/tr>\n<tr>\n<td width=\"30%\">01 &#8211; 07<\/td>\n<td width=\"70%\"><em>Pron\u00f3stico CFA Exam Window<\/em><\/td>\n<\/tr>\n<\/tbody>\n<\/table>\n<p>&nbsp;<\/p>\n<table width=\"100%\">\n<tbody>\n<tr>\n<td width=\"30%\"><i>Fechas con horario especial<\/i><\/td>\n<\/tr>\n<tr>\n<td width=\"30%\">S\u00e1b. 10\/Oct.<\/td>\n<td style=\"text-align: center;\" width=\"70%\">09:30 a 14:30 \/ Horario por Clase Maestra<\/td>\n<\/tr>\n<tr>\n<td width=\"30%\">S\u00e1b. 24\/Oct.<\/td>\n<td style=\"text-align: center;\" width=\"70%\">09:30 a 14:30 \/ Horario por Clase Maestra<\/td>\n<\/tr>\n<tr>\n<td width=\"30%\">S\u00e1b. 16\/Ene.<\/td>\n<td style=\"text-align: center;\" width=\"70%\">09:30 a 14:30 \/ Horario por Clase Maestra<\/td>\n<\/tr>\n<tr>\n<td width=\"30%\">S\u00e1b. 23\/Ene.<\/td>\n<td style=\"text-align: center;\" width=\"70%\">09:30 a 14:30 \/ Horario por Clase Maestra<\/td>\n<\/tr>\n<\/tbody>\n<\/table>\n\n\t\t<\/div>\n\t<\/div><\/div><\/div><\/div><\/div><\/div><\/div><div      class=\"vc_row wpb_row section vc_row-fluid  vc_custom_1576606561303\" style=' text-align:left;'><div class=\" full_section_inner clearfix\"><div class=\"wpb_column vc_column_container vc_col-sm-12\"><div class=\"vc_column-inner\"><div class=\"wpb_wrapper\">\n\t<div class=\"wpb_text_column wpb_content_element \">\n\t\t<div class=\"wpb_wrapper\">\n\t\t\t<h1 style=\"text-align: center;\">Inversi\u00f3n<\/h1>\n\n\t\t<\/div>\n\t<\/div><div class=\"vc_empty_space\"  style=\"height: 20px\" >\n\t<span class=\"vc_empty_space_inner\">\n\t\t<span class=\"empty_space_image\"  ><\/span>\n\t<\/span>\n<\/div>\n\t<div class=\"wpb_text_column wpb_content_element \">\n\t\t<div class=\"wpb_wrapper\">\n\t\t\t<p style=\"text-align: center;\"><span style=\"color: #000000;\"><strong><br \/>\n<\/strong>Paga con tarjeta mediante <img loading=\"lazy\" decoding=\"async\" class=\"cinco alignnone wp-image-4562 size-full\" src=\"https:\/\/vademia.com\/wp-content\/uploads\/2021\/11\/logostripe2.png\" alt=\"\" width=\"97\" height=\"40\" \/><\/span><\/p>\n\n\t\t<\/div>\n\t<\/div><div class=\"vc_empty_space\"  style=\"height: 40px\" >\n\t<span class=\"vc_empty_space_inner\">\n\t\t<span class=\"empty_space_image\"  ><\/span>\n\t<\/span>\n<\/div><\/div><\/div><\/div><\/div><\/div><div      class=\"vc_row wpb_row section vc_row-fluid  vc_custom_1612575751424\" style=' text-align:left;'><div class=\" full_section_inner clearfix\"><div class=\"wpb_column vc_column_container vc_col-sm-12\"><div class=\"vc_column-inner\"><div class=\"wpb_wrapper\">\n\t<div class=\"wpb_raw_code wpb_raw_html wpb_content_element\" >\n\t\t<div class=\"wpb_wrapper\">\n\t\t\t<iframe src=\"https:\/\/www.vademia.com\/tabla_colegio\/tabla_2023.php?grupo=cfa_n1_ag25fb26_col\" allowfullscreen=\"\" aria-hidden=\"false\" tabindex=\"0\" style=\"width:100%; \"  class=\"iframe_tabla_4\"><\/iframe>\n\t\t<\/div>\n\t<\/div>\n\n\t<div class=\"wpb_text_column wpb_content_element \">\n\t\t<div class=\"wpb_wrapper\">\n\t\t\t<p class=\"p1\"><sup>1 <\/sup>Te damos hasta 3 a\u00f1os para tomar el segundo grupo. La inversi\u00f3n de Nivel I+II adquiridos individualmente se calcul\u00f3 sumando al precio de Nivel I publicado en esta tabla el precio de nuestra \u00faltima Preparaci\u00f3n para Nivel II.<\/p>\n<p class=\"p1\"><sup>2 <\/sup>Te damos hasta 4 a\u00f1os para tomar el tercer grupo. La inversi\u00f3n de Nivel I+II+III adquiridos individualmente se calcul\u00f3 sumando al precio de Nivel I publicado en esta tabla los precios de nuestras \u00faltimas Preparaciones para Nivel II y III.<\/p>\n<p class=\"p1\"><sup>3 <\/sup>Recibe las f\u00f3rmulas, m\u00faltiplos financieros y <strong>conceptos centrales<\/strong> del material de estudio en un formato intuitivo y pr\u00e1ctico.<\/p>\n<p class=\"p1\"><sup>4 <\/sup>Sabemos que puede haber <strong>imprevistos<\/strong> con tus sesiones o el propio examen y que podr\u00edas tener que posponer alguno. Por ello, cuenta con <strong>tres meses adicionales de acceso a todas las grabaciones<\/strong>\u00a0posterior al t\u00e9rmino de tu calendario, as\u00ed como <strong>poder asistir durante ese tiempo a las sesiones <\/strong>que tengamos disponibles. Es <strong>flexibilidad<\/strong> adicional para ayudarte a decidir lo mejor para ti en tu calendarizaci\u00f3n de preparaci\u00f3n.<\/p>\n\n\t\t<\/div>\n\t<\/div><\/div><\/div><\/div><\/div><\/div><div      class=\"vc_row wpb_row section vc_row-fluid  vc_custom_1607382307100 grid_section\" style=' text-align:left;'><div class=\" section_inner clearfix\"><div class='section_inner_margin clearfix'><div class=\"wpb_column vc_column_container vc_col-sm-8 vc_col-lg-offset-2 vc_col-md-offset-2\"><div class=\"vc_column-inner\"><div class=\"wpb_wrapper\">\n\t<div class=\"wpb_text_column wpb_content_element \">\n\t\t<div class=\"wpb_wrapper\">\n\t\t\t<h1 style=\"text-align: center;\">\u00a1Est\u00e1s a pocos pasos de reservar tu lugar!<\/h1>\n\n\t\t<\/div>\n\t<\/div><div class=\"vc_empty_space\"  style=\"height: 32px\" >\n\t<span class=\"vc_empty_space_inner\">\n\t\t<span class=\"empty_space_image\"  ><\/span>\n\t<\/span>\n<\/div>\n<div class=\"wpcf7 no-js\" id=\"wpcf7-f26113-o1\" lang=\"es-MX\" dir=\"ltr\" data-wpcf7-id=\"26113\">\n<div class=\"screen-reader-response\"><p role=\"status\" aria-live=\"polite\" aria-atomic=\"true\"><\/p> <ul><\/ul><\/div>\n<form action=\"\/en\/wp-json\/wp\/v2\/pages\/26022#wpcf7-f26113-o1\" method=\"post\" class=\"wpcf7-form init cf7_custom_style_1\" aria-label=\"Formulario de contacto\" novalidate=\"novalidate\" data-status=\"init\">\n<fieldset class=\"hidden-fields-container\"><input type=\"hidden\" name=\"_wpcf7\" value=\"26113\" \/><input type=\"hidden\" name=\"_wpcf7_version\" value=\"6.1.5\" \/><input type=\"hidden\" name=\"_wpcf7_locale\" value=\"es_MX\" \/><input type=\"hidden\" name=\"_wpcf7_unit_tag\" value=\"wpcf7-f26113-o1\" \/><input type=\"hidden\" name=\"_wpcf7_container_post\" value=\"0\" \/><input type=\"hidden\" name=\"_wpcf7_posted_data_hash\" value=\"\" \/><input type=\"hidden\" name=\"lang\" value=\"en\" \/><input type=\"hidden\" name=\"_wpcf7_recaptcha_response\" value=\"\" \/>\n<\/fieldset>\n<p><label> Nombre(s)*<br \/>\n<span class=\"wpcf7-form-control-wrap\" data-name=\"your-name\"><input size=\"40\" maxlength=\"400\" class=\"wpcf7-form-control wpcf7-text wpcf7-validates-as-required\" aria-required=\"true\" aria-invalid=\"false\" value=\"\" type=\"text\" name=\"your-name\" \/><\/span> <\/label><br \/>\n<label> Apellidos*<br \/>\n<span class=\"wpcf7-form-control-wrap\" data-name=\"your-lastname\"><input size=\"40\" maxlength=\"400\" class=\"wpcf7-form-control wpcf7-text wpcf7-validates-as-required\" aria-required=\"true\" aria-invalid=\"false\" value=\"\" type=\"text\" name=\"your-lastname\" \/><\/span> <\/label><br \/>\n<label> Email*<br \/>\n<span class=\"wpcf7-form-control-wrap\" data-name=\"your-email\"><input size=\"40\" maxlength=\"400\" class=\"wpcf7-form-control wpcf7-email wpcf7-validates-as-required wpcf7-text wpcf7-validates-as-email\" aria-required=\"true\" aria-invalid=\"false\" value=\"\" type=\"email\" name=\"your-email\" \/><\/span> <\/label>\n<\/p>\n<p><label> Tel\u00e9fono*<br \/>\n<span class=\"wpcf7-form-control-wrap\" data-name=\"your-subject\"><input size=\"40\" maxlength=\"400\" class=\"wpcf7-form-control wpcf7-text wpcf7-validates-as-required\" aria-required=\"true\" aria-invalid=\"false\" value=\"\" type=\"text\" name=\"your-subject\" \/><\/span> <\/label><br \/>\n<label> Esquema*<br \/>\n<span class=\"wpcf7-form-control-wrap\" data-name=\"menu-634\"><select class=\"wpcf7-form-control wpcf7-select wpcf7-validates-as-required\" aria-required=\"true\" aria-invalid=\"false\" name=\"menu-634\"><option value=\"\">Por favor, seleccione una opci\u00f3n<\/option><option value=\"Paquete B\u00e1sico\">Paquete B\u00e1sico<\/option><option value=\"Paquete D\u00fao en L\u00ednea\">Paquete D\u00fao en L\u00ednea<\/option><option value=\"Paquete Gran Trifecta\">Paquete Gran Trifecta<\/option><\/select><\/span><\/label>\n<\/p>\n<p><input class=\"wpcf7-form-control wpcf7-submit has-spinner\" type=\"submit\" value=\"Inscribirme\" \/>\n<\/p><input type='hidden' class='wpcf7-pum' value='{\"closepopup\":false,\"closedelay\":0,\"openpopup\":false,\"openpopup_id\":0}' \/><div class=\"wpcf7-response-output\" aria-hidden=\"true\"><\/div>\n<\/form>\n<\/div>\n<\/div><\/div><\/div><\/div><\/div><\/div><div      class=\"vc_row wpb_row section vc_row-fluid  grid_section\" style=' text-align:left;'><div class=\" section_inner clearfix\"><div class='section_inner_margin clearfix'><div class=\"wpb_column vc_column_container vc_col-sm-12\"><div class=\"vc_column-inner\"><div class=\"wpb_wrapper\">\n\t<div class=\"wpb_text_column wpb_content_element \">\n\t\t<div class=\"wpb_wrapper\">\n\t\t\t<h2>Disminuciones acumulables y opciones adicionales<\/h2>\n\n\t\t<\/div>\n\t<\/div><div class=\"vc_empty_space\"  style=\"height: 16px\" >\n\t<span class=\"vc_empty_space_inner\">\n\t\t<span class=\"empty_space_image\"  ><\/span>\n\t<\/span>\n<\/div>\n\t<div class=\"wpb_text_column wpb_content_element \">\n\t\t<div class=\"wpb_wrapper\">\n\t\t\t<p><em>Para aplicar alguna(s) de ellas favor de entrar en contacto con nosotros.<\/em><\/p>\n\n\t\t<\/div>\n\t<\/div><div class=\"vc_empty_space\"  style=\"height: 22px\" >\n\t<span class=\"vc_empty_space_inner\">\n\t\t<span class=\"empty_space_image\"  ><\/span>\n\t<\/span>\n<\/div>\n\t<div class=\"wpb_text_column wpb_content_element \">\n\t\t<div class=\"wpb_wrapper\">\n\t\t\t<table>\n<tbody>\n<tr>\n<td style=\"text-align: left;\">\u00b7 <strong>Disminuci\u00f3n por referencias:<\/strong><\/td>\n<td style=\"text-align: left;\"><strong>Menos 5%<\/strong>\u00a0por cada persona referenciada que se inscriba en el curso completo.<br \/>\n<em>Efectivo al momento del pago completo de la persona referenciada.<\/em><\/td>\n<\/tr>\n<tr>\n<td style=\"text-align: left;\">\u00b7 <strong>Disminuci\u00f3n por haber presentado el examen anteriormente:<\/strong><\/td>\n<td style=\"text-align: left;\"><strong>Menos 5%<\/strong><\/td>\n<\/tr>\n<\/tbody>\n<\/table>\n\n\t\t<\/div>\n\t<\/div><div class=\"vc_empty_space\"  style=\"height: 32px\" >\n\t<span class=\"vc_empty_space_inner\">\n\t\t<span class=\"empty_space_image\"  ><\/span>\n\t<\/span>\n<\/div>\n\t<div class=\"wpb_text_column wpb_content_element \">\n\t\t<div class=\"wpb_wrapper\">\n\t\t\t<p>Consulta nuestras <a href=\"https:\/\/vademia.com\/politicas-de-reservacion-y-pagos\" target=\"_blank\" rel=\"noopener noreferrer\">Pol\u00edticas de Reservaci\u00f3n y Pagos<\/a><\/p>\n\n\t\t<\/div>\n\t<\/div><\/div><\/div><\/div><\/div><\/div><\/div><div      class=\"vc_row wpb_row section vc_row-fluid \" style=' text-align:left;'><div class=\" full_section_inner clearfix\"><div class=\"wpb_column vc_column_container vc_col-sm-12\"><div class=\"vc_column-inner\"><div class=\"wpb_wrapper\"><div class=\"vc_empty_space\"  style=\"height: 32px\" >\n\t<span class=\"vc_empty_space_inner\">\n\t\t<span class=\"empty_space_image\"  ><\/span>\n\t<\/span>\n<\/div><\/div><\/div><\/div><\/div><\/div>\n<\/div>","protected":false},"excerpt":{"rendered":"Preparaci\u00f3n para el Nivel I del examen del Programa CFA\u00ae Agosto 2026 - Febrero 2027, Colombia Grupos S\u00e1bados de 09:00 a.m. a 3:00 p.m. Fechas Inicio: 15 de Agosto de 2026 Conclusi\u00f3n: 23 de Enero de 2027 Modalidad Sesiones transmitidas en vivo en l\u00ednea as\u00ed...","protected":false},"author":5,"featured_media":0,"parent":0,"menu_order":0,"comment_status":"closed","ping_status":"closed","template":"full_width.php","meta":{"footnotes":""},"class_list":["post-26022","page","type-page","status-publish","hentry"],"_links":{"self":[{"href":"https:\/\/vademia.com\/en\/wp-json\/wp\/v2\/pages\/26022","targetHints":{"allow":["GET"]}}],"collection":[{"href":"https:\/\/vademia.com\/en\/wp-json\/wp\/v2\/pages"}],"about":[{"href":"https:\/\/vademia.com\/en\/wp-json\/wp\/v2\/types\/page"}],"author":[{"embeddable":true,"href":"https:\/\/vademia.com\/en\/wp-json\/wp\/v2\/users\/5"}],"replies":[{"embeddable":true,"href":"https:\/\/vademia.com\/en\/wp-json\/wp\/v2\/comments?post=26022"}],"version-history":[{"count":6,"href":"https:\/\/vademia.com\/en\/wp-json\/wp\/v2\/pages\/26022\/revisions"}],"predecessor-version":[{"id":62451,"href":"https:\/\/vademia.com\/en\/wp-json\/wp\/v2\/pages\/26022\/revisions\/62451"}],"wp:attachment":[{"href":"https:\/\/vademia.com\/en\/wp-json\/wp\/v2\/media?parent=26022"}],"curies":[{"name":"wp","href":"https:\/\/api.w.org\/{rel}","templated":true}]}}